{"id":533,"date":"2024-11-27T06:11:32","date_gmt":"2024-11-27T06:11:32","guid":{"rendered":"https:\/\/agro-krt.com\/?post_type=product&#038;p=533"},"modified":"2024-12-20T09:27:19","modified_gmt":"2024-12-20T09:27:19","slug":"nrd-08-seed-weaving-machine","status":"publish","type":"product","link":"https:\/\/www.agro-krt.com\/es\/producto\/nrd-08-seed-weaving-machine\/","title":{"rendered":"M\u00e1quina de tejer semillas NRD-08"},"content":{"rendered":"<h2><img fetchpriority=\"high\" decoding=\"async\" class=\"alignnone wp-image-1033\" src=\"https:\/\/www.agro-krt.com\/wp-content\/uploads\/2024\/11\/2RD-60022-300x200.jpg\" alt=\"\" width=\"799\" height=\"532\" srcset=\"https:\/\/www.agro-krt.com\/wp-content\/uploads\/2024\/11\/2RD-60022-300x200.jpg 300w, https:\/\/www.agro-krt.com\/wp-content\/uploads\/2024\/11\/2RD-60022-768x511.jpg 768w, https:\/\/www.agro-krt.com\/wp-content\/uploads\/2024\/11\/2RD-60022.jpg 1000w\" sizes=\"(max-width: 799px) 100vw, 799px\" \/><\/h2>\n<h2>M\u00e1quina de tejer semillas<\/h2>\n<p>Se desarrolla una m\u00e1quina inteligente de trenzado de semillas para semillas de part\u00edculas medianas y peque\u00f1as que no pueden lograr una siembra de precisi\u00f3n.<br \/>\nEsta m\u00e1quina puede posicionar cuantitativamente la siembra y lograr el efecto de ahorro de mano de obra y semillas y no adelgazamiento.<\/p>\n<table style=\"border-collapse: collapse;width: 800px;height: 242px\" border=\"0\" cellspacing=\"0\" cellpadding=\"0\">\n<tbody>\n<tr style=\"height: 38.00pt\">\n<td class=\"et3\" style=\"height: 38.00pt\" colspan=\"6\">Ventosa supergrande Circular <span style=\"font-family: inherit;font-size: inherit\">m\u00e1quina de tejer semillas<\/span><\/td>\n<\/tr>\n<tr style=\"height: 31.00pt\">\n<td class=\"et5\" style=\"height: 31.00pt\">Tipo<\/td>\n<td class=\"et5\" colspan=\"2\">NRD-08<\/td>\n<td class=\"et5\" colspan=\"2\">Funci\u00f3n<\/td>\n<td class=\"et5\">Tejido<\/td>\n<\/tr>\n<tr style=\"height: 25.00pt\">\n<td class=\"et3\" style=\"height: 25.00pt\">Tama\u00f1o (cm)<\/td>\n<td class=\"et5\" colspan=\"2\">121*75*145(cm)<\/td>\n<td class=\"et5\" colspan=\"2\">Fuente de alimentaci\u00f3n<\/td>\n<td class=\"et5\">220v<\/td>\n<\/tr>\n<tr style=\"height: 25.00pt\">\n<td class=\"et3\" style=\"height: 25.00pt\">Di\u00e1metro de la ventosa<\/td>\n<td class=\"et5\" colspan=\"2\">260 mm<\/td>\n<td class=\"et5\" colspan=\"2\">Tama\u00f1os de pantalla<\/td>\n<td class=\"et5\">7 pulgadas<\/td>\n<\/tr>\n<tr style=\"height: 25.00pt\">\n<td class=\"et3\" style=\"height: 25.00pt\">Pesas<\/td>\n<td class=\"et5\" colspan=\"2\">130 kg<\/td>\n<td class=\"et5\" colspan=\"2\">Salida<\/td>\n<td class=\"et5\">1,55 kW<\/td>\n<\/tr>\n<tr style=\"height: 25.00pt\">\n<td class=\"et5\" style=\"height: 25.00pt\">Espacio<\/td>\n<td class=\"et5\" colspan=\"2\">1,5 metros cuadrados<\/td>\n<td class=\"et5\" colspan=\"2\">Maquinaria el\u00e9ctrica<\/td>\n<td class=\"et5\">5<\/td>\n<\/tr>\n<tr style=\"height: 25.00pt\">\n<td class=\"et5\" style=\"height: 25.00pt\">\u00c1mbito de aplicaci\u00f3n<\/td>\n<td class=\"et5\" colspan=\"5\">Verduras, zanahoria, lechuga, apio, cebolla, Scallion, chile, cilantro, r\u00e1bano, remolacha, espinaca, hierba, muchas hierbas diferentes y semillas de flores.<\/td>\n<\/tr>\n<\/tbody>\n<\/table>\n<p>La m\u00e1quina de tejer semillas ha experimentado cambios revolucionarios en la parte de control el\u00e9ctrico. Bas\u00e1ndose en las caracter\u00edsticas de funcionamiento de la m\u00e1quina de tejer, se ha desarrollado un controlador de programaci\u00f3n por ordenador.<br data-filtered=\"filtered\" \/>Este controlador utiliza tecnolog\u00eda de conversi\u00f3n de frecuencia y, bas\u00e1ndose en a\u00f1os de experiencia operativa, establece diversos par\u00e1metros de funcionamiento para la m\u00e1quina de tejer.<br \/>\nHortalizas, zanahoria, lechuga, apio, cebolla, cebollino, chile, cilantro, r\u00e1bano, remolacha, espinaca, hierba, muchas hierbas diferentes y flores seed.The verduras fueron trenzados cuerda de siembra. El diente de le\u00f3n, la chiriv\u00eda, la bardana y otros materiales medicinales se sembraron con precisi\u00f3n \"\"lineal\"\".<\/p>\n<p>Aspecto: Gran ventosa de 260mm, alta eficiencia de trabajo de 3600-3800 metros\/h.<br \/>\nMaterial de la ventosa: material de aluminio de aviaci\u00f3n, ligero, resistente al calor y a la corrosi\u00f3n, y ha sido sometido a un tratamiento de chorro de arena de oxidaci\u00f3n para una larga vida \u00fatil.<br \/>\nPrincipio: Adoptando el principio de succi\u00f3n de aire, semilla de succi\u00f3n de presi\u00f3n negativa, semilla de ca\u00edda de presi\u00f3n positiva. Agarrar con precisi\u00f3n las semillas sin da\u00f1arlas, logrando un efecto de siembra cuantitativa.<\/p>\n<p>Bomba de aire: Bomba de aire de vac\u00edo japonesa Haoliwang, con bajo ruido de funcionamiento. Larga vida \u00fatil.<br \/>\nAlta succi\u00f3n, producci\u00f3n uniforme de gas y funcionamiento suave. El uso a largo plazo no producir\u00e1 fluctuaciones en la fuerza de succi\u00f3n. Puede garantizar eficazmente la precisi\u00f3n del tejido. Despu\u00e9s de las pruebas experimentales, la m\u00e1quina puede trabajar continuamente durante 24 horas al mes con alta eficiencia.<\/p>\n<p>Inteligencia: La m\u00e1quina de tejer tiene un alto grado de inteligencia, con 7 sensores infrarrojos japoneses Panasonic de alta sensibilidad. (Semillas faltantes, alambres rotos, papel, 2 alambres de bobinado, 2 alambres cicloides), cualquier problema en cualquier eslab\u00f3n activar\u00e1 una alarma, logrando una operaci\u00f3n sin personal y mejorando en gran medida la eficiencia de trabajo con m\u00faltiples m\u00e1quinas por persona.<br \/>\nPantalla de visualizaci\u00f3n: Construido en 7 \"Mitsubishi System Industrial Computer de Jap\u00f3n. Ajuste de la separaci\u00f3n de la planta a 1-100cm permite el ajuste y la supervisi\u00f3n de los contadores de tejido, velocidad de tejido, y m\u00e1s.<\/p>\n<p>Coordinaci\u00f3n: La m\u00e1quina adopta una configuraci\u00f3n de funcionamiento del motor completo, con control modular separado, un motor controla un m\u00f3dulo, mantenimiento sencillo, f\u00e1cil localizaci\u00f3n de aver\u00edas y reparaci\u00f3n en caso de aver\u00eda. El funcionamiento coordinado de todo el motor garantiza un par uniforme y un tejido preciso.<br \/>\n5 motores (ventosa, bobinado, rueda dosificadora, cicloide, bobinado)<br \/>\nPantallas de visualizaci\u00f3n personalizadas de Xinjie y man\u00f3metros de Hongqi. Los sensores son de Panasonic (Jap\u00f3n) y los motores son de Alemania. Utilizamos las principales marcas nacionales y extranjeras, que tienen una larga vida \u00fatil y baja tasa de fallos.Coordinaci\u00f3n: La m\u00e1quina adopta una configuraci\u00f3n de funcionamiento del motor completo, con control modular separado, un motor controla un m\u00f3dulo, mantenimiento simple, f\u00e1cil soluci\u00f3n de problemas y reparaci\u00f3n donde se rompe. El funcionamiento coordinado de todo el motor garantiza un par uniforme y un tejido preciso.<\/p>\n<p>&nbsp;<\/p>","protected":false},"excerpt":{"rendered":"<p>Seed Weaving Machine An intelligent seed braiding machine is developed for medium and small particle seeds that can not achieve precision sowing. This machine can quantitatively position seeding and achieve the effect of saving labor and seed and no thinning. Super large sucker Circular seed weaving machine Type NRD-08 Function Weave Size(cm) 121*75*145(cm) Power Supply [&hellip;]<\/p>\n","protected":false},"featured_media":1010,"template":"","meta":[],"product_brand":[],"product_cat":[25],"product_tag":[],"class_list":{"0":"post-533","1":"product","2":"type-product","3":"status-publish","4":"has-post-thumbnail","6":"product_cat-seed-weaving-machine","8":"first","9":"instock","10":"shipping-taxable","11":"product-type-simple"},"_links":{"self":[{"href":"https:\/\/www.agro-krt.com\/es\/wp-json\/wp\/v2\/product\/533","targetHints":{"allow":["GET"]}}],"collection":[{"href":"https:\/\/www.agro-krt.com\/es\/wp-json\/wp\/v2\/product"}],"about":[{"href":"https:\/\/www.agro-krt.com\/es\/wp-json\/wp\/v2\/types\/product"}],"wp:featuredmedia":[{"embeddable":true,"href":"https:\/\/www.agro-krt.com\/es\/wp-json\/wp\/v2\/media\/1010"}],"wp:attachment":[{"href":"https:\/\/www.agro-krt.com\/es\/wp-json\/wp\/v2\/media?parent=533"}],"wp:term":[{"taxonomy":"product_brand","embeddable":true,"href":"https:\/\/www.agro-krt.com\/es\/wp-json\/wp\/v2\/product_brand?post=533"},{"taxonomy":"product_cat","embeddable":true,"href":"https:\/\/www.agro-krt.com\/es\/wp-json\/wp\/v2\/product_cat?post=533"},{"taxonomy":"product_tag","embeddable":true,"href":"https:\/\/www.agro-krt.com\/es\/wp-json\/wp\/v2\/product_tag?post=533"}],"curies":[{"name":"wp","href":"https:\/\/api.w.org\/{rel}","templated":true}]}}