{"id":530,"date":"2024-11-27T06:08:06","date_gmt":"2024-11-27T06:08:06","guid":{"rendered":"https:\/\/agro-krt.com\/?post_type=product&#038;p=530"},"modified":"2024-12-13T03:08:56","modified_gmt":"2024-12-13T03:08:56","slug":"nrd-10-seed-weaving-machine","status":"publish","type":"product","link":"https:\/\/www.agro-krt.com\/es\/producto\/nrd-10-seed-weaving-machine\/","title":{"rendered":"M\u00e1quina de tejer semillas NRD-10"},"content":{"rendered":"<p>La m\u00e1quina tejedora de cinturones de semillas teje las semillas en el cintur\u00f3n de pel\u00edcula de acuerdo con el espaciado y el n\u00famero de part\u00edculas establecidos y, a continuaci\u00f3n, incrusta el cintur\u00f3n de semillas tejido en el suelo durante la siembra.<\/p>\n<p>Esta tela tejida a cinta es hidrosoluble o descomponible. Es propicio para la producci\u00f3n industrializada de la agricultura.<\/p>\n<p>Se desarrolla una m\u00e1quina inteligente de trenzado de semillas para semillas de part\u00edculas medianas y peque\u00f1as que no pueden lograr una siembra de precisi\u00f3n.<br \/>\nEsta m\u00e1quina puede posicionar cuantitativamente la siembra y lograr el efecto de ahorro de mano de obra y semillas y no adelgazamiento.<\/p>\n<table style=\"border-collapse: collapse; width: 804px; height: 269px;\" border=\"0\" cellspacing=\"0\" cellpadding=\"0\">\n<tbody>\n<tr style=\"height: 38.00pt;\">\n<td class=\"et3\" style=\"height: 38.00pt;\" colspan=\"6\">M\u00e1quina de tejer semillas de ventosa supergrande<\/td>\n<\/tr>\n<tr style=\"height: 31.00pt;\">\n<td class=\"et5\" style=\"height: 31.00pt;\">Tipo<\/td>\n<td class=\"et5\" colspan=\"2\">NRD-10<\/td>\n<td class=\"et5\" colspan=\"2\">Funci\u00f3n<\/td>\n<td class=\"et5\">Tejido<\/td>\n<\/tr>\n<tr style=\"height: 25.00pt;\">\n<td class=\"et3\" style=\"height: 25.00pt;\">Tama\u00f1o (cm)<\/td>\n<td class=\"et5\" colspan=\"2\">121*75*150(cm)<\/td>\n<td class=\"et5\" colspan=\"2\">Fuente de alimentaci\u00f3n<\/td>\n<td class=\"et5\">220v<\/td>\n<\/tr>\n<tr style=\"height: 25.00pt;\">\n<td class=\"et3\" style=\"height: 25.00pt;\">Di\u00e1metro de la ventosa<\/td>\n<td class=\"et5\" colspan=\"2\">260 mm<\/td>\n<td class=\"et5\" colspan=\"2\">Tama\u00f1os de pantalla<\/td>\n<td class=\"et5\">7 pulgadas<\/td>\n<\/tr>\n<tr style=\"height: 25.00pt;\">\n<td class=\"et3\" style=\"height: 25.00pt;\">Pesas<\/td>\n<td class=\"et5\" colspan=\"2\">130 kg<\/td>\n<td class=\"et5\" colspan=\"2\">Salida<\/td>\n<td class=\"et5\">1,55 kW<\/td>\n<\/tr>\n<tr style=\"height: 25.00pt;\">\n<td class=\"et5\" style=\"height: 25.00pt;\">Espacio<\/td>\n<td class=\"et5\" colspan=\"2\">1,5 metros cuadrados<\/td>\n<td class=\"et5\" colspan=\"2\">Maquinaria el\u00e9ctrica<\/td>\n<td class=\"et5\">5<\/td>\n<\/tr>\n<tr style=\"height: 25.00pt;\">\n<td class=\"et5\" style=\"height: 25.00pt;\">\u00c1mbito de aplicaci\u00f3n<\/td>\n<td class=\"et5\" colspan=\"5\">Verduras, zanahoria, lechuga, apio, cebolla, Scallion, chile, cilantro, r\u00e1bano, remolacha, espinaca, hierba, muchas hierbas diferentes y semillas de flores.<\/td>\n<\/tr>\n<\/tbody>\n<\/table>\n<p>La m\u00e1quina de tejer semillas ha experimentado cambios revolucionarios en la parte de control el\u00e9ctrico. Bas\u00e1ndose en las caracter\u00edsticas de funcionamiento de la m\u00e1quina de tejer, se ha desarrollado un controlador de programaci\u00f3n por ordenador.<br data-filtered=\"filtered\" \/>Este controlador utiliza tecnolog\u00eda de conversi\u00f3n de frecuencia y, bas\u00e1ndose en a\u00f1os de experiencia operativa, establece diversos par\u00e1metros de funcionamiento para la m\u00e1quina de tejer.<\/p>\n<p>Gran mejora de la suerteTrabajo estable y eficaz.<br data-filtered=\"filtered\" \/>La m\u00e1quina tejedora de cintas de semillas se utiliza para tejer semillas seleccionadas en una cinta de pel\u00edcula fina de acuerdo con el espaciado y el n\u00famero de semillas establecidos, y luego tejerlas bien durante la siembra.<br data-filtered=\"filtered\" \/>El cintur\u00f3n de semillas se entierra en el suelo, y este tejido de cintas es hidrosoluble o descomponible, y no contamina el suelo.<br data-filtered=\"filtered\" \/>La aplicaci\u00f3n de esta tecnolog\u00eda ha logrado efectivamente la siembra de precisi\u00f3n y tambi\u00e9n favorece la producci\u00f3n industrial en la agricultura.<br data-filtered=\"filtered\" \/><br data-filtered=\"filtered\" \/><\/p>","protected":false},"excerpt":{"rendered":"<p>The seed belt weaving machine weaves the seeds into the film belt according to the set spacing and number of particles, and then embeds the woven seed belt into the soil during sowing. This belt woven fabric is water-soluble or decomposable. It is conducive to the industrialized production of agriculture. An intelligent seed braiding machine [&hellip;]<\/p>\n","protected":false},"featured_media":1008,"template":"","meta":[],"product_brand":[],"product_cat":[25],"product_tag":[],"class_list":{"0":"post-530","1":"product","2":"type-product","3":"status-publish","4":"has-post-thumbnail","6":"product_cat-seed-weaving-machine","8":"first","9":"instock","10":"shipping-taxable","11":"product-type-simple"},"_links":{"self":[{"href":"https:\/\/www.agro-krt.com\/es\/wp-json\/wp\/v2\/product\/530","targetHints":{"allow":["GET"]}}],"collection":[{"href":"https:\/\/www.agro-krt.com\/es\/wp-json\/wp\/v2\/product"}],"about":[{"href":"https:\/\/www.agro-krt.com\/es\/wp-json\/wp\/v2\/types\/product"}],"wp:featuredmedia":[{"embeddable":true,"href":"https:\/\/www.agro-krt.com\/es\/wp-json\/wp\/v2\/media\/1008"}],"wp:attachment":[{"href":"https:\/\/www.agro-krt.com\/es\/wp-json\/wp\/v2\/media?parent=530"}],"wp:term":[{"taxonomy":"product_brand","embeddable":true,"href":"https:\/\/www.agro-krt.com\/es\/wp-json\/wp\/v2\/product_brand?post=530"},{"taxonomy":"product_cat","embeddable":true,"href":"https:\/\/www.agro-krt.com\/es\/wp-json\/wp\/v2\/product_cat?post=530"},{"taxonomy":"product_tag","embeddable":true,"href":"https:\/\/www.agro-krt.com\/es\/wp-json\/wp\/v2\/product_tag?post=530"}],"curies":[{"name":"wp","href":"https:\/\/api.w.org\/{rel}","templated":true}]}}