{"id":526,"date":"2024-11-27T06:00:39","date_gmt":"2024-11-27T06:00:39","guid":{"rendered":"https:\/\/agro-krt.com\/?post_type=product&#038;p=526"},"modified":"2025-01-05T07:07:10","modified_gmt":"2025-01-05T07:07:10","slug":"seed-pellet-machine","status":"publish","type":"product","link":"https:\/\/www.agro-krt.com\/es\/producto\/seed-pellet-machine\/","title":{"rendered":"KRT-480 M\u00e1quina autom\u00e1tica de pellets de semillas"},"content":{"rendered":"<p><em><strong><a href=\"https:\/\/vegetable--seeder.en.made-in-china.com\/product\/rADUHylTaiWq\/China-Continuous-Carrot-Lettuce-Seed-Processing-Device.html\" rel=\"nofollow noopener\" target=\"_blank\">Granuladora autom\u00e1tica de semillas\u00a0<\/a><\/strong><\/em><\/p>\n<p>1.<a href=\"https:\/\/www.agro-krt.com\/es\/will-the-seed-germination-rate-decrease-after-granulation\/\">La l\u00ednea automatizada de producci\u00f3n de pellets<\/a> es adecuado para granulados de semillas peque\u00f1os e irregulares, como hortalizas, materias medicinales, flores y pastos.<\/p>\n<p>2.La m\u00e1quina procesadora de semillas adopta el sistema industrial de automatizaci\u00f3n alem\u00e1n Siemens, est\u00e1 dise\u00f1ada con un sistema de alimentaci\u00f3n de polvo de dosificaci\u00f3n precisa;<\/p>\n<p>3.Seed coating la cantidad de polvo y agua se controla autom\u00e1ticamente a trav\u00e9s del programa, y el tama\u00f1o m\u00faltiple de los pellets se puede personalizar con precisi\u00f3n;<\/p>\n<p>4.Seed coater el sistema tiene una funci\u00f3n de memoria de recetas, que puede realizar la operaci\u00f3n autom\u00e1tica del proceso de granulaci\u00f3n.<\/p>\n<p>5.Utilizando la avanzada tecnolog\u00eda de secado a temperatura ultrabaja de la industria, se puede garantizar al m\u00e1ximo la actividad de las semillas peletizadas.<\/p>\n<h3><a href=\"https:\/\/www.linkedin.com\/posts\/farmmachineryfactory_pasture-forestry-agro-activity-7255477991047151617-X0-1?utm_source=share&amp;utm_medium=member_ios\" rel=\"nofollow noopener\" target=\"_blank\"><em><strong>Par\u00e1metros de la granuladora de semillas<\/strong><\/em><\/a><\/h3>\n<table style=\"border-collapse: collapse;width: 100%;height: auto\" border=\"0\" cellspacing=\"0\" cellpadding=\"0\">\n<tbody>\n<tr style=\"height: 38.00pt\">\n<td class=\"et3\" style=\"height: 38.00pt\" colspan=\"7\">L\u00ednea de producci\u00f3n de pellets de semillas (KRT-480)<\/td>\n<\/tr>\n<tr style=\"height: 31.00pt\">\n<td class=\"et5\" style=\"height: 31.00pt\">Configuraci\u00f3n<\/td>\n<td class=\"et5\" colspan=\"6\">480 granuladora, colector de polvo de pulso industrial, escalera de carga, dos transferencia<\/td>\n<\/tr>\n<tr style=\"height: 25.00pt\">\n<td class=\"et3\" style=\"height: 25.00pt\">Alimentaci\u00f3n<\/td>\n<td class=\"et5\" colspan=\"6\">380V<\/td>\n<\/tr>\n<tr style=\"height: 25.00pt\">\n<td class=\"et3\" style=\"height: 25.00pt\">Tama\u00f1o de las especificaciones<\/td>\n<td class=\"et5\" colspan=\"6\">1.35*1.3*1.8 (m)<\/td>\n<\/tr>\n<tr style=\"height: 25.00pt\">\n<td class=\"et3\" style=\"height: 25.00pt\">Potencia del husillo<\/td>\n<td class=\"et5\" colspan=\"6\">3kw<\/td>\n<\/tr>\n<tr style=\"height: 25.00pt\">\n<td class=\"et5\" style=\"height: 25.00pt\">Tasa de siembra \u00fanica<\/td>\n<td class=\"et5\" colspan=\"6\">99% y superior<\/td>\n<\/tr>\n<tr style=\"height: 25.00pt\">\n<td class=\"et5\" style=\"height: 25.00pt\">Eficacia del trabajo<\/td>\n<td class=\"et5\" colspan=\"6\">P\u00edldora \u00fanica 1-3kg, tiempo de la p\u00edldora \u00fanica 20-35min<\/td>\n<\/tr>\n<\/tbody>\n<\/table>\n<p>\u00c1mbito de las semillas:hortalizas y muchas hierbas diferentes y semillas de flores.<\/p>\n<p>tomate\/ guindilla\/ bringal\/ berenjena\/ berenjena\/ piment\u00f3n<\/p>\n<p>lechuga\/ apio\/ zanahoria\/ achicoria\/ amarath<\/p>\n<p>br\u00e9col\/col\/papaya\/okra\/haba larga<\/p>\n<p>remolacha\/ r\u00e1bano\/ mostaza\/ nabo<\/p>\n<p>esp\u00e1rragos\/espinacas\/remolacha<\/p>\n<p>Semillas y flores :semillas de hierba\/rosa\/cal\u00e9ndula \/ plantago\/pl\u00e1tano \/ alfalfa\/rayegrass<\/p>\n<p>&nbsp;<\/p>","protected":false},"excerpt":{"rendered":"<p>Automatic Seed pellet machine\u00a0 1.The automated pellet production line is suitable for small, irregular seed pellets such as vegetables, medicinal materials, flowers, and pasture. 2.Seed processing machine adopting the German Siemens automation industrial system, it is designed with a precise metering powder feeding system; 3.Seed coating the amount of powder and water is automatically controlled [&hellip;]<\/p>\n","protected":false},"featured_media":1012,"template":"","meta":[],"product_brand":[],"product_cat":[24],"product_tag":[],"class_list":{"0":"post-526","1":"product","2":"type-product","3":"status-publish","4":"has-post-thumbnail","6":"product_cat-seed-pellet-machine","8":"first","9":"instock","10":"shipping-taxable","11":"product-type-simple"},"_links":{"self":[{"href":"https:\/\/www.agro-krt.com\/es\/wp-json\/wp\/v2\/product\/526","targetHints":{"allow":["GET"]}}],"collection":[{"href":"https:\/\/www.agro-krt.com\/es\/wp-json\/wp\/v2\/product"}],"about":[{"href":"https:\/\/www.agro-krt.com\/es\/wp-json\/wp\/v2\/types\/product"}],"wp:featuredmedia":[{"embeddable":true,"href":"https:\/\/www.agro-krt.com\/es\/wp-json\/wp\/v2\/media\/1012"}],"wp:attachment":[{"href":"https:\/\/www.agro-krt.com\/es\/wp-json\/wp\/v2\/media?parent=526"}],"wp:term":[{"taxonomy":"product_brand","embeddable":true,"href":"https:\/\/www.agro-krt.com\/es\/wp-json\/wp\/v2\/product_brand?post=526"},{"taxonomy":"product_cat","embeddable":true,"href":"https:\/\/www.agro-krt.com\/es\/wp-json\/wp\/v2\/product_cat?post=526"},{"taxonomy":"product_tag","embeddable":true,"href":"https:\/\/www.agro-krt.com\/es\/wp-json\/wp\/v2\/product_tag?post=526"}],"curies":[{"name":"wp","href":"https:\/\/api.w.org\/{rel}","templated":true}]}}