{"id":522,"date":"2024-11-27T05:52:04","date_gmt":"2024-11-27T05:52:04","guid":{"rendered":"https:\/\/agro-krt.com\/?post_type=product&#038;p=522"},"modified":"2024-12-26T08:04:55","modified_gmt":"2024-12-26T08:04:55","slug":"krt-330-seed-pellet-machine","status":"publish","type":"product","link":"https:\/\/www.agro-krt.com\/es\/producto\/krt-330-seed-pellet-machine\/","title":{"rendered":"KRT-330 M\u00e1quina peletizadora de semillas"},"content":{"rendered":"<p><a href=\"https:\/\/vegetable--seeder.en.made-in-china.com\/product\/TfDrVNJxTlka\/China-High-Efficiency-Okra-Seed-Pellet-Maker-for-Agricultural-Applications.html\" rel=\"nofollow noopener\" target=\"_blank\">KRT-330 M\u00e1quina peletizadora de semillas\u00a0<\/a><\/p>\n<p>Al cambiar el tama\u00f1o, el peso y la forma de las semillas, \u00e9stas adquieren el mismo tama\u00f1o y la superficie es lisa, para lograr el prop\u00f3sito de una siembra precisa.<\/p>\n<p>1.La m\u00e1quina procesadora de semillas est\u00e1 hecha de acero inoxidable de alta resistencia, que es f\u00e1cil de operar y mantener.<\/p>\n<p>2.Principio de funcionamiento: Adopta la granulaci\u00f3n centr\u00edfuga de ultra alta velocidad y velocidad uniforme, m\u00e1s precisa, y adici\u00f3n de agua ajustable. (El tama\u00f1o de la p\u00edldora se puede controlar libremente seg\u00fan sus propias necesidades).<\/p>\n<p>3.\u00c1mbito\/Aplicaci\u00f3n: De tipo dom\u00e9stico, para uso en instituciones de investigaci\u00f3n cient\u00edfica. Utilizado simult\u00e1neamente para pruebas de muestras de semillas a peque\u00f1a escala o producci\u00f3n de pellets con peque\u00f1as cantidades y m\u00faltiples variedades.<\/p>\n<p>4.Temperatura de funcionamiento: Todo el proceso de granulaci\u00f3n se lleva a cabo a una temperatura inferior a 30 grados cent\u00edgrados, asegurando la actividad, dureza y tasa de germinaci\u00f3n de las semillas antes de proceder a la producci\u00f3n de granulado. Existen diferentes preocupaciones para que la temperatura no afecte a la semilla y reduzca su actividad.<\/p>\n<h3><a href=\"https:\/\/www.agro-krt.com\/es\/how-seed-pellet-machines-are-transforming-agriculture\/\">Par\u00e1metros de la granuladora de semillas<\/a><\/h3>\n<table style=\"border-collapse: collapse;width: 100%;height: auto\" border=\"0\" cellspacing=\"0\" cellpadding=\"0\">\n<tbody>\n<tr style=\"height: 38.00pt\">\n<td class=\"et3\" style=\"height: 38.00pt\" colspan=\"7\">Granuladora de semillas (KRT-330)<\/td>\n<\/tr>\n<tr style=\"height: 31.00pt\">\n<td class=\"et5\" style=\"height: 31.00pt\">Configuraci\u00f3n<\/td>\n<td class=\"et5\" colspan=\"6\">330 granuladoras, dos barriles de secado, un juego de desempolvadoras<\/td>\n<\/tr>\n<tr style=\"height: 25.00pt\">\n<td class=\"et3\" style=\"height: 25.00pt\">Alimentaci\u00f3n<\/td>\n<td class=\"et5\" colspan=\"6\">220V<\/td>\n<\/tr>\n<tr style=\"height: 25.00pt\">\n<td class=\"et3\" style=\"height: 25.00pt\">Tama\u00f1o de las especificaciones<\/td>\n<td class=\"et5\" colspan=\"6\">1.05*0.6*1.25 (m)<\/td>\n<\/tr>\n<tr style=\"height: 25.00pt\">\n<td class=\"et3\" style=\"height: 25.00pt\">Potencia del husillo<\/td>\n<td class=\"et5\" colspan=\"6\">1,5 kW<\/td>\n<\/tr>\n<tr style=\"height: 25.00pt\">\n<td class=\"et5\" style=\"height: 25.00pt\">Tasa de siembra \u00fanica<\/td>\n<td class=\"et5\" colspan=\"6\">99% y superior<\/td>\n<\/tr>\n<tr style=\"height: 25.00pt\">\n<td class=\"et5\" style=\"height: 25.00pt\">Eficacia del trabajo<\/td>\n<td class=\"et5\" colspan=\"6\">Pastilla \u00fanica 300-500g, tiempo de la pastilla \u00fanica 15-25min<\/td>\n<\/tr>\n<\/tbody>\n<\/table>\n<h3><a href=\"https:\/\/vegetable--seeder.en.made-in-china.com\/product\/zAWYRuErBUVp\/China-on-Farm-Seed-Treatment-for-Pelleting-Dressing-Coating-Onion-Seeds-with-Precision.html\" rel=\"nofollow noopener\" target=\"_blank\">M\u00e1quina procesadora de semillas \u00e1mbito de las semillas <\/a><\/h3>\n<p>\u00c1mbito de las semillas:hortalizas y muchas hierbas diferentes y semillas de flores.<\/p>\n<p>tomate\/ guindilla\/ bringal\/ berenjena\/ berenjena\/ piment\u00f3n<\/p>\n<p>lechuga\/ apio\/ zanahoria\/ achicoria\/ amarath<\/p>\n<p>br\u00e9col\/col\/papaya\/okra\/haba larga<\/p>\n<p>remolacha\/ r\u00e1bano\/ mostaza\/ nabo<\/p>\n<p>esp\u00e1rragos\/espinacas\/remolacha<\/p>\n<p>semillas y flores :semillas de hierba\/rosa\/cal\u00e9ndula \/ plantago\/pl\u00e1tano \/ alfalfa\/rayegrass<\/p>","protected":false},"excerpt":{"rendered":"<p>KRT-330 Seed Pellet Machine\u00a0 By changing the size, weight and shape of the seeds,the seeds become the same size and the surface is smooth,so as to achieve the purpose of accurate sowing. 1.The seed processing machineis made of high-strength stainless steel, which is easy to operate and maintain. 2.Working principle: Adopting ultra high speed and [&hellip;]<\/p>\n","protected":false},"featured_media":1021,"template":"","meta":[],"product_brand":[],"product_cat":[24],"product_tag":[],"class_list":{"0":"post-522","1":"product","2":"type-product","3":"status-publish","4":"has-post-thumbnail","6":"product_cat-seed-pellet-machine","8":"first","9":"instock","10":"shipping-taxable","11":"product-type-simple"},"_links":{"self":[{"href":"https:\/\/www.agro-krt.com\/es\/wp-json\/wp\/v2\/product\/522","targetHints":{"allow":["GET"]}}],"collection":[{"href":"https:\/\/www.agro-krt.com\/es\/wp-json\/wp\/v2\/product"}],"about":[{"href":"https:\/\/www.agro-krt.com\/es\/wp-json\/wp\/v2\/types\/product"}],"wp:featuredmedia":[{"embeddable":true,"href":"https:\/\/www.agro-krt.com\/es\/wp-json\/wp\/v2\/media\/1021"}],"wp:attachment":[{"href":"https:\/\/www.agro-krt.com\/es\/wp-json\/wp\/v2\/media?parent=522"}],"wp:term":[{"taxonomy":"product_brand","embeddable":true,"href":"https:\/\/www.agro-krt.com\/es\/wp-json\/wp\/v2\/product_brand?post=522"},{"taxonomy":"product_cat","embeddable":true,"href":"https:\/\/www.agro-krt.com\/es\/wp-json\/wp\/v2\/product_cat?post=522"},{"taxonomy":"product_tag","embeddable":true,"href":"https:\/\/www.agro-krt.com\/es\/wp-json\/wp\/v2\/product_tag?post=522"}],"curies":[{"name":"wp","href":"https:\/\/api.w.org\/{rel}","templated":true}]}}