{"id":518,"date":"2024-11-27T03:56:44","date_gmt":"2024-11-27T03:56:44","guid":{"rendered":"https:\/\/agro-krt.com\/?post_type=product&#038;p=518"},"modified":"2024-12-30T03:57:38","modified_gmt":"2024-12-30T03:57:38","slug":"4rd-800-seed-pellet-machine","status":"publish","type":"product","link":"https:\/\/www.agro-krt.com\/es\/producto\/4rd-800-seed-pellet-machine\/","title":{"rendered":"4RD-800 M\u00e1quina inteligente de pellets de semillas"},"content":{"rendered":"<pre><a href=\"https:\/\/vegetable--seeder.en.made-in-china.com\/product\/AfvRqJOEJgko\/China-High-Germination-Rate-Mixer-Seed-Coated-Coating-Machine-for-Agriculture.html\" rel=\"nofollow noopener\" target=\"_blank\"><strong> Granuladora inteligente<\/strong><\/a> introducci\u00f3n\r\n\r\nEsta m\u00e1quina se utiliza principalmente para la granulaci\u00f3n de semillas de hortalizas, materiales medicinales, flores y pastos. Adoptando la soluci\u00f3n de control de automatizaci\u00f3n de Siemens, la granuladora de semillas tiene las ventajas de alto grado de inteligencia, operaci\u00f3n simple, funci\u00f3n de memoria de recetas, alta eficiencia de procesamiento y alta eficiencia de una sola part\u00edcula. Ha ganado m\u00faltiples patentes nacionales.<\/pre>\n<p>Tambi\u00e9n llamada granuladora de semillas , recubridora de semillas , recubridora de semillas<\/p>\n<table style=\"border-collapse: collapse;width: 100%;height: auto\" border=\"0\" cellspacing=\"0\" cellpadding=\"0\">\n<tbody>\n<tr style=\"height: 38.00pt\">\n<td class=\"et3\" style=\"height: 38.00pt\" colspan=\"7\"><a href=\"https:\/\/www.agro-krt.com\/es\/will-the-seed-germination-rate-decrease-after-granulation\/\"><strong>L\u00ednea de producci\u00f3n de pellets de semillas (4RD-800)<\/strong><\/a><\/td>\n<\/tr>\n<tr style=\"height: 42.00pt\">\n<td class=\"et5\" style=\"height: 42.00pt\">Configuraci\u00f3n<\/td>\n<td class=\"et5\" colspan=\"6\">800 granuladora, colector de polvo industrial por impulsos, m\u00e1quina de alimentaci\u00f3n autom\u00e1tica, armario de control Siemens<\/td>\n<\/tr>\n<tr style=\"height: 25.00pt\">\n<td class=\"et3\" style=\"height: 25.00pt\">Alimentaci\u00f3n<\/td>\n<td class=\"et5\" colspan=\"6\">380V<\/td>\n<\/tr>\n<tr style=\"height: 25.00pt\">\n<td class=\"et3\" style=\"height: 25.00pt\">Tama\u00f1o de las especificaciones<\/td>\n<td class=\"et5\" colspan=\"6\">2.2*2.9*1.9 (m)<\/td>\n<\/tr>\n<tr style=\"height: 25.00pt\">\n<td class=\"et3\" style=\"height: 25.00pt\">Potencia del husillo<\/td>\n<td class=\"et5\" colspan=\"6\">7,5 kW<\/td>\n<\/tr>\n<tr style=\"height: 25.00pt\">\n<td class=\"et5\" style=\"height: 25.00pt\">Tasa de siembra \u00fanica<\/td>\n<td class=\"et5\" colspan=\"6\">99% y superior<\/td>\n<\/tr>\n<tr style=\"height: 25.00pt\">\n<td class=\"et5\" style=\"height: 25.00pt\">Eficacia del trabajo<\/td>\n<td class=\"et5\" colspan=\"6\">P\u00edldora \u00fanica 1-10kg, tiempo p\u00edldora \u00fanica 20-35min<\/td>\n<\/tr>\n<\/tbody>\n<\/table>\n<h3><a href=\"https:\/\/www.agro-krt.com\/es\/will-the-seed-germination-rate-decrease-after-granulation\/\">Detalles de la recubridora de semillas<\/a><\/h3>\n<p><b>1.Material:<\/b>Toda la m\u00e1quina est\u00e1 fabricada en acero inoxidable y acero al carbono con tratamiento t\u00e9rmico, con un motor Siemens, equipada con un sistema de alimentaci\u00f3n de polvo de dosificaci\u00f3n precisa, un m\u00e9todo de atomizaci\u00f3n de l\u00edquido en capas y un efecto de granulado m\u00e1s preciso;<br data-filtered=\"filtered\" \/><br data-filtered=\"filtered\" \/><b>2.Sistema de control :<\/b>adopta un esquema de control de automatizaci\u00f3n de Siemens, que es muy inteligente y tiene buena compatibilidad;<br data-filtered=\"filtered\" \/><br data-filtered=\"filtered\" \/><b>3.Funci\u00f3n de almacenamiento<\/b>:Equipado con funci\u00f3n de almacenamiento de f\u00f3rmula, eliminando el tedioso proceso de mezcla.<br data-filtered=\"filtered\" \/><br data-filtered=\"filtered\" \/><b>4.Agua y polvo :<\/b>Puede a\u00f1adir agua autom\u00e1ticamente, a\u00f1adir polvo y controlar con precisi\u00f3n el tama\u00f1o m\u00faltiple de los gr\u00e1nulos.<br data-filtered=\"filtered\" \/><br data-filtered=\"filtered\" \/><b>5.Seed effet: <\/b>Las semillas granuladas tienen un tama\u00f1o uniforme, una superficie lisa y un alto rendimiento comercial, lo que favorece la siembra mecanizada de precisi\u00f3n.<\/p>\n<h3>Funciones de trabajo de la barnizadora de semillas<\/h3>\n<p>Adoptando el sistema industrial de automatizaci\u00f3n alem\u00e1n Siemens, est\u00e1 dise\u00f1ada con un sistema de alimentaci\u00f3n de polvo de dosificaci\u00f3n precisa;<\/p>\n<p>La cantidad de polvo y agua se controla autom\u00e1ticamente mediante el programa, y el tama\u00f1o m\u00faltiple de los gr\u00e1nulos se puede personalizar con precisi\u00f3n;<\/p>\n<p>El sistema tiene una funci\u00f3n de memoria de recetas, que puede realizar la operaci\u00f3n autom\u00e1tica del proceso de granulaci\u00f3n.<\/p>\n<p>Utilizando la avanzada tecnolog\u00eda de secado a temperatura ultrabaja de la industria, se puede garantizar al m\u00e1ximo la actividad de las semillas peletizadas.<\/p>\n<p><a href=\"https:\/\/vegetable--seeder.en.made-in-china.com\/product\/xGBrvIZdfPcM\/China-Batch-Seed-Treater-for-Sale-for-Different-Alfalfa-Seeds-Coating.html\" rel=\"nofollow noopener\" target=\"_blank\">M\u00e1quina inteligente de pellets de semillas<\/a><\/p>\n<p>\u00c1mbito de las semillas:hortalizas y muchas hierbas diferentes y semillas de flores.<\/p>\n<p>tomate\/ guindilla\/ bringal\/ berenjena\/ berenjena\/ piment\u00f3n<\/p>\n<p>lechuga\/ apio\/ zanahoria\/ achicoria\/ amarath<\/p>\n<p>br\u00e9col\/col\/papaya\/okra\/haba larga<\/p>\n<p>remolacha\/ r\u00e1bano\/ mostaza\/ nabo<\/p>\n<p>esp\u00e1rragos\/espinacas\/remolacha<\/p>\n<p>Semillas y flores :semillas de hierba\/rosa\/cal\u00e9ndula \/ plantago\/pl\u00e1tano \/ alfalfa\/rayegrass<\/p>","protected":false},"excerpt":{"rendered":"<h3>This machine is mainly used for seed pelletizing machine for vegetables, medicinal materials, flowers and pasture. Adopting Siemens automation control solution, seed coater has the advantages of high degree of intelligence, simple operation, recipe memory function, high processing efficiency, and high single-particle efficiency. Won multiple national patents.<\/h3>","protected":false},"featured_media":1043,"template":"","meta":[],"product_brand":[],"product_cat":[24],"product_tag":[],"class_list":{"0":"post-518","1":"product","2":"type-product","3":"status-publish","4":"has-post-thumbnail","6":"product_cat-seed-pellet-machine","8":"first","9":"instock","10":"shipping-taxable","11":"product-type-simple"},"_links":{"self":[{"href":"https:\/\/www.agro-krt.com\/es\/wp-json\/wp\/v2\/product\/518","targetHints":{"allow":["GET"]}}],"collection":[{"href":"https:\/\/www.agro-krt.com\/es\/wp-json\/wp\/v2\/product"}],"about":[{"href":"https:\/\/www.agro-krt.com\/es\/wp-json\/wp\/v2\/types\/product"}],"wp:featuredmedia":[{"embeddable":true,"href":"https:\/\/www.agro-krt.com\/es\/wp-json\/wp\/v2\/media\/1043"}],"wp:attachment":[{"href":"https:\/\/www.agro-krt.com\/es\/wp-json\/wp\/v2\/media?parent=518"}],"wp:term":[{"taxonomy":"product_brand","embeddable":true,"href":"https:\/\/www.agro-krt.com\/es\/wp-json\/wp\/v2\/product_brand?post=518"},{"taxonomy":"product_cat","embeddable":true,"href":"https:\/\/www.agro-krt.com\/es\/wp-json\/wp\/v2\/product_cat?post=518"},{"taxonomy":"product_tag","embeddable":true,"href":"https:\/\/www.agro-krt.com\/es\/wp-json\/wp\/v2\/product_tag?post=518"}],"curies":[{"name":"wp","href":"https:\/\/api.w.org\/{rel}","templated":true}]}}