{"id":513,"date":"2024-11-27T03:48:29","date_gmt":"2024-11-27T03:48:29","guid":{"rendered":"https:\/\/agro-krt.com\/?post_type=product&#038;p=513"},"modified":"2025-01-05T06:39:28","modified_gmt":"2025-01-05T06:39:28","slug":"2rd-600-seed-pellet-machine","status":"publish","type":"product","link":"https:\/\/www.agro-krt.com\/es\/producto\/2rd-600-seed-pellet-machine\/","title":{"rendered":"2RD-600 M\u00e1quina peletizadora de semillas"},"content":{"rendered":"<h3><a href=\"https:\/\/vegetable--seeder.en.made-in-china.com\/product\/GfnYWXhcVzka\/China-Farm-Vegetable-Batch-Seed-Processing-Line-Seed-Pellet-Coating-Machine-Seed-Treatment-Seed-Coater-for-Carrots-Onions-Chili-Tomatoes-Lettuce-Tobacco-Alfalfa.html\" rel=\"nofollow noopener\" target=\"_blank\"><em>Introducci\u00f3n de la granuladora de semillas\u00a0<\/em><\/a><\/h3>\n<p>1. Adopta el sistema de control Siemens, tiene una buena l\u00f3gica, un control m\u00e1s preciso, una larga vida \u00fatil, y tiene una funci\u00f3n de memoria de recetas, por lo que es f\u00e1cil y r\u00e1pido de operar.<\/p>\n<p>2. El primer disco de atomizaci\u00f3n de l\u00edquido en capas, que hace que la atomizaci\u00f3n sea m\u00e1s uniforme.<\/p>\n<p>3. Utiliza la tecnolog\u00eda de secado a temperatura ultrabaja m\u00e1s avanzada del sector para maximizar la actividad de las semillas peletizadas.<\/p>\n<p>4. Precisi\u00f3n de procesamiento: 0,1~0,15 MM, peque\u00f1o hueco, sin fugas de polvo, y evitar el mandril.<\/p>\n<p>5. Utilizando una bomba perist\u00e1ltica m\u00e9dica, el control puede ser preciso a nivel de mililitros, y combinado con un dispositivo preciso de alimentaci\u00f3n de polvo, la tasa de \u00e9xito de los gr\u00e1nulos es mayor.<\/p>\n<p>Tambi\u00e9n llamada granuladora de semillas, recubridora de semillas, recubridora de semillas, recubridora de semillas, procesadora de semillas.<\/p>\n<h3><a href=\"https:\/\/www.agro-krt.com\/es\/after-pelleting-the-seeds-need-to-be-dried-due-to-liquid-content-how-to-dry-more-security-to-ensure-the-germination-rate-wont-affected\/\"><em>Par\u00e1metros de la granuladora de semillas<\/em><\/a><\/h3>\n<table style=\"border-collapse: collapse;width: 100%\" border=\"0\" cellspacing=\"0\" cellpadding=\"0\">\n<tbody>\n<tr style=\"height: 38.00pt\">\n<td class=\"et3\" style=\"height: 38.00pt\" colspan=\"7\"><a href=\"https:\/\/www.facebook.com\/share\/r\/1Gnd9QNgLu\/?mibextid=UalRPS\" rel=\"nofollow noopener\" target=\"_blank\"><em><strong>L\u00ednea de producci\u00f3n de pellets de semillas (2RD-600)<\/strong><\/em><\/a><\/td>\n<\/tr>\n<tr style=\"height: 42.00pt\">\n<td class=\"et5\" style=\"height: 42.00pt\">Configuraci\u00f3n<\/td>\n<td class=\"et5\" colspan=\"6\">Granuladora 600, colector de polvo industrial por impulsos, m\u00e1quina de alimentaci\u00f3n autom\u00e1tica, armario de control Siemens<\/td>\n<\/tr>\n<tr style=\"height: 25.00pt\">\n<td class=\"et3\" style=\"height: 25.00pt\">Alimentaci\u00f3n<\/td>\n<td class=\"et5\" colspan=\"6\">380 V<\/td>\n<\/tr>\n<tr style=\"height: 25.00pt\">\n<td class=\"et3\" style=\"height: 25.00pt\">Tama\u00f1o de las especificaciones<\/td>\n<td class=\"et5\" colspan=\"6\">2.2*2.9*1.9 (m)<\/td>\n<\/tr>\n<tr style=\"height: 25.00pt\">\n<td class=\"et3\" style=\"height: 25.00pt\">Potencia del husillo<\/td>\n<td class=\"et5\" colspan=\"6\">5,5 kw<\/td>\n<\/tr>\n<tr style=\"height: 25.00pt\">\n<td class=\"et5\" style=\"height: 25.00pt\">Tasa de siembra \u00fanica<\/td>\n<td class=\"et5\" colspan=\"6\">99% y superior<\/td>\n<\/tr>\n<tr style=\"height: 25.00pt\">\n<td class=\"et5\" style=\"height: 25.00pt\">Eficacia del trabajo<\/td>\n<td class=\"et5\" colspan=\"6\">Pastilla \u00fanica 1-6 kg, tiempo de la pastilla \u00fanica 20-35 min<\/td>\n<\/tr>\n<\/tbody>\n<\/table>\n<p>\u00c1mbito de las semillas:hortalizas y muchas hierbas diferentes y semillas de flores.<\/p>\n<p>tomate\/ guindilla\/ bringal\/ berenjena\/ berenjena\/ piment\u00f3n<\/p>\n<p>lechuga\/ apio\/ zanahoria\/ achicoria\/ amarath<\/p>\n<p>br\u00e9col\/col\/papaya\/okra\/haba larga<\/p>\n<p>remolacha\/ r\u00e1bano\/ mostaza\/ nabo<\/p>\n<p>esp\u00e1rragos\/espinacas\/remolacha<\/p>\n<p>semillas y flores :semillas de hierba\/rosa\/cal\u00e9ndula \/ plantago\/pl\u00e1tano \/ alfalfa\/rayegrass<\/p>","protected":false},"excerpt":{"rendered":"<p>Seed pellet machine introduction\u00a0 1. Adopting Siemens control system, it has good logic, more precise control, long service life, and has a recipe memory function, making it easy and fast to operate. 2. The first layered liquid atomization disk, which makes the atomization more uniform. 3. Use the industry&#8217;s advanced ultra-low temperature drying technology to [&hellip;]<\/p>\n","protected":false},"featured_media":1044,"template":"","meta":[],"product_brand":[],"product_cat":[24],"product_tag":[],"class_list":{"0":"post-513","1":"product","2":"type-product","3":"status-publish","4":"has-post-thumbnail","6":"product_cat-seed-pellet-machine","8":"first","9":"instock","10":"shipping-taxable","11":"product-type-simple"},"_links":{"self":[{"href":"https:\/\/www.agro-krt.com\/es\/wp-json\/wp\/v2\/product\/513","targetHints":{"allow":["GET"]}}],"collection":[{"href":"https:\/\/www.agro-krt.com\/es\/wp-json\/wp\/v2\/product"}],"about":[{"href":"https:\/\/www.agro-krt.com\/es\/wp-json\/wp\/v2\/types\/product"}],"wp:featuredmedia":[{"embeddable":true,"href":"https:\/\/www.agro-krt.com\/es\/wp-json\/wp\/v2\/media\/1044"}],"wp:attachment":[{"href":"https:\/\/www.agro-krt.com\/es\/wp-json\/wp\/v2\/media?parent=513"}],"wp:term":[{"taxonomy":"product_brand","embeddable":true,"href":"https:\/\/www.agro-krt.com\/es\/wp-json\/wp\/v2\/product_brand?post=513"},{"taxonomy":"product_cat","embeddable":true,"href":"https:\/\/www.agro-krt.com\/es\/wp-json\/wp\/v2\/product_cat?post=513"},{"taxonomy":"product_tag","embeddable":true,"href":"https:\/\/www.agro-krt.com\/es\/wp-json\/wp\/v2\/product_tag?post=513"}],"curies":[{"name":"wp","href":"https:\/\/api.w.org\/{rel}","templated":true}]}}