{"id":509,"date":"2024-11-27T03:47:14","date_gmt":"2024-11-27T03:47:14","guid":{"rendered":"https:\/\/agro-krt.com\/?post_type=product&#038;p=509"},"modified":"2025-01-05T07:02:47","modified_gmt":"2025-01-05T07:02:47","slug":"single-row-nursery-seeding-machine","status":"publish","type":"product","link":"https:\/\/www.agro-krt.com\/es\/producto\/single-row-nursery-seeding-machine\/","title":{"rendered":"KRT-HP-680 Sembradora de viveros de una hilera"},"content":{"rendered":"<h3><a href=\"https:\/\/vegetable--seeder.en.made-in-china.com\/product\/zaxUGkyCHPVN\/China-Agricultural-Agro-Farming-Hole-Tray-Nursery-Seeding-Line-Seeder-Seed-Planter-for-Vegetable-Seeding-Greenhouse-Gardening-Horticulture-Planting-Use.html\" rel=\"nofollow noopener\" target=\"_blank\"><em><strong>Sembradora para viveros\u00a0<\/strong><\/em><\/a><\/h3>\n<p>1. Cuando se siembra, una bandeja a la vez, la velocidad de siembra es de 400-600 bandejas\/hora.la tasa de siembra puede alcanzar 97%-98% o m\u00e1s.esta sembradora de vivero aumenta en gran medida la precisi\u00f3n de la siembra y puede realizar una semilla en un agujero.<\/p>\n<p>2. El efecto de la cr\u00eda de pl\u00e1ntulas es bueno, lo que garantiza el aumento de la producci\u00f3n y los ingresos y ahorra costes por l\u00ednea de siembra de vivero.<\/p>\n<h3><a href=\"https:\/\/www.instagram.com\/reel\/DArp1LNRR0S\/?igsh=cmdmOGUyMGVhYmM5\" rel=\"nofollow noopener\" target=\"_blank\"><em><strong>Par\u00e1metro de la sembradora de vivero<\/strong><\/em><\/a><\/h3>\n<table style=\"border-collapse: collapse;width: 100%\" border=\"0\">\n<tbody>\n<tr style=\"height: 38.00pt\">\n<td class=\"et3\" style=\"height: 38.00pt;width: 100%\" colspan=\"7\"><a href=\"https:\/\/www.agro-krt.com\/es\/the-benefits-of-using-automatic-seeders-in-nurseries\/\"><em><strong>L\u00ednea de producci\u00f3n de pl\u00e1ntulas en bandeja con un orificio\/l\u00ednea de siembra para viveros<\/strong><\/em><\/a><\/td>\n<\/tr>\n<tr style=\"height: 25.00pt\">\n<td class=\"et3\" style=\"height: 25.00pt\">Tallas<\/td>\n<td class=\"et3\" colspan=\"6\">430*100*130(cm)<\/td>\n<\/tr>\n<tr style=\"height: 25.00pt\">\n<td class=\"et3\" style=\"height: 25.00pt\">Pesas<\/td>\n<td class=\"et3\" colspan=\"6\">450 KG<\/td>\n<\/tr>\n<tr style=\"height: 25.00pt\">\n<td class=\"et3\" style=\"height: 25.00pt\">Maquinaria el\u00e9ctrica<\/td>\n<td class=\"et3\" colspan=\"6\">Cintas transportadoras, m\u00e1quina llenadora, cepillos<\/td>\n<\/tr>\n<tr style=\"height: 25.00pt\">\n<td class=\"et3\" style=\"height: 25.00pt\">Salida<\/td>\n<td class=\"et3\" colspan=\"6\">650 W<\/td>\n<\/tr>\n<tr style=\"height: 36.00pt\">\n<td class=\"et5\" style=\"height: 36.00pt\">Sensor de haz<\/td>\n<td class=\"et5\" colspan=\"6\">M\u00e1quina de llenado, de prensado de agujeros, de siembra puntual, de archivado posterior secundario<\/td>\n<\/tr>\n<tr style=\"height: 36.00pt\">\n<td class=\"et5\" style=\"height: 36.00pt\">Construcci\u00f3n<\/td>\n<td class=\"et5\" colspan=\"6\">Rellenadora, sembradora, rellenadora secundaria<\/td>\n<\/tr>\n<tr style=\"height: 36.00pt\">\n<td class=\"et5\" style=\"height: 36.00pt\">\u00c1mbito de aplicaci\u00f3n<\/td>\n<td class=\"et5\" colspan=\"6\">Pimientos, tomates, cebollas, zanahorias, coles, sand\u00edas, flores, etc.<\/td>\n<\/tr>\n<\/tbody>\n<\/table>\n<h3><a href=\"https:\/\/www.instagram.com\/reel\/DDOlcsXznEB\/?igsh=dGR5d2lncDVlc3dl\" rel=\"nofollow noopener\" target=\"_blank\"><em><strong>Bandeja taponadora de semillas alcance:<\/strong><\/em><\/a><\/h3>\n<p>\u00c1mbito de las semillas: hortalizas y flores, c\u00e9sped y semillas de hierbas.<\/p>\n<p>Guindillas, tomates, berenjenas, cebolletas, cebollas, cebollinos<\/p>\n<p>Col, repollo, br\u00e9col, apio, lechuga<\/p>\n<p>Pepino, mel\u00f3n cantalupo, sand\u00eda, calabaza,mel\u00f3n<\/p>\n<p>okra ,cal\u00e9ndula<\/p>\n<p><em>\u00a0<\/em><\/p>\n<p>&nbsp;<\/p>\n<p>&nbsp;<\/p>\n<p>&nbsp;<\/p>","protected":false},"excerpt":{"rendered":"<p>Nursery seeding machine\u00a0 1. When seeding, one tray at a time, the seeding speed is 400-600 trays\/hour.The seeding rate can reach 97%-98% or more.This nursery seeder greatly increases the precision of seeding and can realize one seed into one hole. 2. Efficient and convenient to use simple operation.The effect of raising seedlings is good, which [&hellip;]<\/p>\n","protected":false},"featured_media":1026,"template":"","meta":[],"product_brand":[],"product_cat":[23],"product_tag":[],"class_list":{"0":"post-509","1":"product","2":"type-product","3":"status-publish","4":"has-post-thumbnail","6":"product_cat-hole-tray-nursery-seeding-machine","8":"first","9":"instock","10":"shipping-taxable","11":"product-type-simple"},"_links":{"self":[{"href":"https:\/\/www.agro-krt.com\/es\/wp-json\/wp\/v2\/product\/509","targetHints":{"allow":["GET"]}}],"collection":[{"href":"https:\/\/www.agro-krt.com\/es\/wp-json\/wp\/v2\/product"}],"about":[{"href":"https:\/\/www.agro-krt.com\/es\/wp-json\/wp\/v2\/types\/product"}],"wp:featuredmedia":[{"embeddable":true,"href":"https:\/\/www.agro-krt.com\/es\/wp-json\/wp\/v2\/media\/1026"}],"wp:attachment":[{"href":"https:\/\/www.agro-krt.com\/es\/wp-json\/wp\/v2\/media?parent=509"}],"wp:term":[{"taxonomy":"product_brand","embeddable":true,"href":"https:\/\/www.agro-krt.com\/es\/wp-json\/wp\/v2\/product_brand?post=509"},{"taxonomy":"product_cat","embeddable":true,"href":"https:\/\/www.agro-krt.com\/es\/wp-json\/wp\/v2\/product_cat?post=509"},{"taxonomy":"product_tag","embeddable":true,"href":"https:\/\/www.agro-krt.com\/es\/wp-json\/wp\/v2\/product_tag?post=509"}],"curies":[{"name":"wp","href":"https:\/\/api.w.org\/{rel}","templated":true}]}}