{"id":505,"date":"2024-11-27T03:45:30","date_gmt":"2024-11-27T03:45:30","guid":{"rendered":"https:\/\/agro-krt.com\/?post_type=product&#038;p=505"},"modified":"2025-01-05T07:02:06","modified_gmt":"2025-01-05T07:02:06","slug":"double-row-nursery-seeding-machine","status":"publish","type":"product","link":"https:\/\/www.agro-krt.com\/es\/producto\/double-row-nursery-seeding-machine\/","title":{"rendered":"2BP-510 Sembradora de viveros de dos hileras"},"content":{"rendered":"<h3><em><strong><a href=\"https:\/\/vegetable--seeder.en.made-in-china.com\/product\/etGpkcsyZPVW\/China-Automatic-Seeds-Sowing-Planting-Machine-for-Seedling-Plug-Tray-Seeder.html\" rel=\"nofollow noopener\" target=\"_blank\">Sembradora para viveros\u00a0<\/a><\/strong><\/em><\/h3>\n<p>1.La m\u00e1quina sembradora de viveros se utiliza para sembrar tomate, col, cebolla y otras hortalizas, flores y frutas. Satisface las necesidades de empresas grandes y medianas de producci\u00f3n de pl\u00e1ntulas, granjas privadas y proveedores de hortalizas y flores.<\/p>\n<p>2.Nursery m\u00e1quina de siembra incluye 6 partes, la parte de carga del suelo,Raspando parte las partes de siembra, la parte de cobertura del suelo Raspando de nuevo. La tasa de siembra es superior a 95%, y la tasa de germinaci\u00f3n es la misma que la de la semilla desnuda. Cuando se siembra, una bandeja a la vez, la velocidad de siembra es de 600-1000 bandejas\/h.<\/p>\n<p>3. La m\u00e1quina sembradora para viveros puede personalizarse para adaptarse a bandejas de diferentes tama\u00f1os, tanto bandejas negras como bandejas blancas. Y tambi\u00e9n se puede utilizar para diferentes semillas, el tama\u00f1o es de entre 1 mm a 12 mm.<\/p>\n<p>4.Toda la m\u00e1quina est\u00e1 hecha de acero inoxidable y los elementos de aparatos el\u00e9ctricos que utilizamos es de marca Panasonic, la m\u00e1quina es muy este para operar y mantenimiento.<\/p>\n<h3><a href=\"https:\/\/www.facebook.com\/share\/v\/14sNwgFKAe\/?mibextid=WC7FNe\" rel=\"nofollow noopener\" target=\"_blank\"><em><strong>Par\u00e1metros de la sembradora de vivero<\/strong><\/em><\/a><\/h3>\n<table style=\"border-collapse: collapse;width: 100%;height: auto\" border=\"1\" cellspacing=\"0\" cellpadding=\"5\">\n<tbody>\n<tr style=\"height: 50px;text-align: center;font-weight: bold\">\n<td style=\"text-align: left\" colspan=\"7\"><a href=\"https:\/\/www.agro-krt.com\/es\/producto\/krt-hp-680-single-row-nursery-seeding-machine\/\">L\u00ednea de producci\u00f3n de plantones en bandeja con orificios de doble fila<\/a><\/td>\n<\/tr>\n<tr style=\"height: 33px\">\n<td>Talla<\/td>\n<td colspan=\"6\">490*105*140(cm)<\/td>\n<\/tr>\n<tr style=\"height: 33px\">\n<td>Pesas<\/td>\n<td colspan=\"6\">500 KG<\/td>\n<\/tr>\n<tr style=\"height: 33px\">\n<td>Maquinaria el\u00e9ctrica<\/td>\n<td colspan=\"6\">Cintas transportadoras, m\u00e1quinas llenadoras, cepillos<\/td>\n<\/tr>\n<tr style=\"height: 33px\">\n<td>Salida<\/td>\n<td colspan=\"6\">650 W<\/td>\n<\/tr>\n<tr style=\"height: 48px\">\n<td>Sensor de haz<\/td>\n<td colspan=\"6\">M\u00e1quina de llenado, prensado de agujeros, siembra puntual , siembra puntual 2, m\u00e1quina de llenado posterior secundario<\/td>\n<\/tr>\n<tr style=\"height: 48px\">\n<td>Construcci\u00f3n<\/td>\n<td colspan=\"6\">Rellenadora, sembradora, rellenadora secundaria<\/td>\n<\/tr>\n<tr style=\"height: 48px\">\n<td>\u00c1mbito de aplicaci\u00f3n<\/td>\n<td colspan=\"6\">Pimientos, tomates, cebollas, zanahorias, coles, sand\u00edas, flores<\/td>\n<\/tr>\n<\/tbody>\n<\/table>\n<p><a href=\"https:\/\/www.instagram.com\/reel\/DA47qrFPy-2\/?igsh=a2c4c3M4dWVmaTh2\" rel=\"nofollow noopener\" target=\"_blank\"><em><strong>Sembradora de viveros con bandeja de agujeros\u00a0<\/strong><\/em><\/a><\/p>\n<p>\u00c1mbito de las semillas: hortalizas y flores, c\u00e9sped y semillas de hierbas.<\/p>\n<p>Guindillas, tomates, berenjenas, cebolletas, cebollas, cebollinos<\/p>\n<p>Col, repollo, br\u00e9col, apio, lechuga<\/p>\n<p>Pepino, mel\u00f3n cantalupo, sand\u00eda, calabaza,mel\u00f3n<\/p>\n<p>okra ,cal\u00e9ndula<\/p>","protected":false},"excerpt":{"rendered":"<p>Nursery seeding machine\u00a0 1.Nursery seeding machine is used to seed tomato, cabbage, onion and other vegetables, flowers and fruits, It is to put the seed into to the trays to make seedling. It meets the needs of large and medium seedling production enterprises, private farms, and vegetable and flower supplier. 2.Nursery seeding machine includes 6 [&hellip;]<\/p>\n","protected":false},"featured_media":1029,"template":"","meta":[],"product_brand":[],"product_cat":[23],"product_tag":[],"class_list":{"0":"post-505","1":"product","2":"type-product","3":"status-publish","4":"has-post-thumbnail","6":"product_cat-hole-tray-nursery-seeding-machine","8":"first","9":"instock","10":"shipping-taxable","11":"product-type-simple"},"_links":{"self":[{"href":"https:\/\/www.agro-krt.com\/es\/wp-json\/wp\/v2\/product\/505","targetHints":{"allow":["GET"]}}],"collection":[{"href":"https:\/\/www.agro-krt.com\/es\/wp-json\/wp\/v2\/product"}],"about":[{"href":"https:\/\/www.agro-krt.com\/es\/wp-json\/wp\/v2\/types\/product"}],"wp:featuredmedia":[{"embeddable":true,"href":"https:\/\/www.agro-krt.com\/es\/wp-json\/wp\/v2\/media\/1029"}],"wp:attachment":[{"href":"https:\/\/www.agro-krt.com\/es\/wp-json\/wp\/v2\/media?parent=505"}],"wp:term":[{"taxonomy":"product_brand","embeddable":true,"href":"https:\/\/www.agro-krt.com\/es\/wp-json\/wp\/v2\/product_brand?post=505"},{"taxonomy":"product_cat","embeddable":true,"href":"https:\/\/www.agro-krt.com\/es\/wp-json\/wp\/v2\/product_cat?post=505"},{"taxonomy":"product_tag","embeddable":true,"href":"https:\/\/www.agro-krt.com\/es\/wp-json\/wp\/v2\/product_tag?post=505"}],"curies":[{"name":"wp","href":"https:\/\/api.w.org\/{rel}","templated":true}]}}