{"id":1578,"date":"2025-04-12T02:13:57","date_gmt":"2025-04-12T02:13:57","guid":{"rendered":"https:\/\/www.agro-krt.com\/?post_type=product&#038;p=1578"},"modified":"2025-04-12T02:30:38","modified_gmt":"2025-04-12T02:30:38","slug":"2bp-1200a-automatic-flexibility-drum-rotary-nursery-seeding-seeder-line","status":"publish","type":"product","link":"https:\/\/www.agro-krt.com\/es\/producto\/2bp-1200a-automatic-flexibility-drum-rotary-nursery-seeding-seeder-line\/","title":{"rendered":"2BP-1200A L\u00ednea autom\u00e1tica de sembradoras rotativas de tambor flexible para viveros"},"content":{"rendered":"<h2><a href=\"https:\/\/vegetable--seeder.en.made-in-china.com\/product\/VThRnIKvXuWN\/China-Vegetable-Transplant-Nursery-Seeding-Farming-Machine-for-Greenhouse-Agriculture-Chili-Lettuce-Onion-Tomato-Broccoli-Cabbage-Celery-Melon-Seeds-Farm-Planting.html\" rel=\"nofollow noopener\" target=\"_blank\"><b>Agr\u00edcola Agropecuaria Bandeja de agujeros Tambor Sembradora rotativa de viveros Sembradora<\/b><\/a><\/h2>\n<p><a href=\"https:\/\/youtube.com\/shorts\/0JMHDkB5gYo?feature=share\" rel=\"nofollow noopener\" target=\"_blank\"><strong><em>La l\u00ednea de producci\u00f3n de plantones de tambor<\/em><\/strong><\/a>\u00a0destaca como una soluci\u00f3n rentable con un rendimiento operativo excepcional.<\/p>\n<div>\n<pre>Su automatizaci\u00f3n de alta velocidad permite<i><b>\u00a0producci\u00f3n de 1.200 bandejas por hora<\/b><\/i>reduciendo los costes de mano de obra en m\u00e1s de 20 veces en comparaci\u00f3n con las operaciones manuales.<\/pre>\n<p>A pesar de su precio competitivo, el sistema garantiza una siembra de precisi\u00f3n mediante dise\u00f1os de rodillos antiobstrucci\u00f3n y componentes modulares, logrando \u00edndices de supervivencia de las pl\u00e1ntulas 95%.<\/p>\n<p>Su construcci\u00f3n duradera con rodillos de acero inoxidable y sistemas de control integrados garantiza la fiabilidad a largo plazo, al tiempo que ahorra 30% en el uso de semillas y 25% en los costes generales de producci\u00f3n.<br data-filtered=\"filtered\" \/><br data-filtered=\"filtered\" \/>Esta combinaci\u00f3n de asequibilidad, calidad industrial y resultados agron\u00f3micos probados lo hace ideal para viveros comerciales a gran escala que buscan una automatizaci\u00f3n escalable.<\/p>\n<h3>Especificaci\u00f3n<\/h3>\n<table border=\"0\">\n<tbody>\n<tr>\n<td class=\"et3\" colspan=\"7\"><a href=\"https:\/\/www.agro-krt.com\/es\/key-advantages-of-roller-type-seedling-raising-equipment\/\"><strong>Sembradora de tambor con tap\u00f3n de bandeja<\/strong><\/a><\/td>\n<\/tr>\n<tr>\n<td class=\"et3\">Tallas<\/td>\n<td class=\"et3\" colspan=\"6\">11100x1800x1800mm<\/td>\n<\/tr>\n<tr>\n<td class=\"et3\">Pesas<\/td>\n<td class=\"et3\" colspan=\"6\">1450 KG<\/td>\n<\/tr>\n<tr>\n<td class=\"et3\">Tensi\u00f3n<\/td>\n<td class=\"et3\" colspan=\"6\">380V\/50HZ<\/td>\n<\/tr>\n<tr>\n<td class=\"et3\">Alimentaci\u00f3n de aire<\/td>\n<td class=\"et3\" colspan=\"6\">4-5,5 KW<\/td>\n<\/tr>\n<tr>\n<td class=\"et5\">Construcci\u00f3n<\/td>\n<td class=\"et5\" colspan=\"6\">M\u00e1quina llenadora, prensadora de agujeros, sembradora de bidones<\/p>\n<p>m\u00e1quina de rellenado,aspersor de riego,pupitre de bandeja<\/td>\n<\/tr>\n<tr>\n<td class=\"et5\">Precisi\u00f3n<\/td>\n<td class=\"et5\" colspan=\"6\">98%(semillas regulares o en pellets )<\/td>\n<\/tr>\n<tr>\n<td class=\"et5\">\u00c1mbito de aplicaci\u00f3n<\/td>\n<td class=\"et5\" colspan=\"6\">Pimientos, tomates, cebollas, zanahorias, coles, sand\u00edas, flores, etc.<\/td>\n<\/tr>\n<\/tbody>\n<\/table>\n<p>&nbsp;<\/p>\n<\/div>","protected":false},"excerpt":{"rendered":"<p>Agricultural Agro Farming Hole Tray Drum Rotary Nursery Seeding Seeder The drum-type drum seedling production line\u00a0stands out as a cost-efficient solution with exceptional operational performance. Its high-speed automation enables a remarkable\u00a0output of 1,200 trays per hour,reducing labor costs by over 20 times compared to manual operations. Despite its competitive pricing, the system ensures precision seeding [&hellip;]<\/p>\n","protected":false},"featured_media":1551,"template":"","meta":[],"product_brand":[],"product_cat":[23],"product_tag":[],"class_list":{"0":"post-1578","1":"product","2":"type-product","3":"status-publish","4":"has-post-thumbnail","6":"product_cat-hole-tray-nursery-seeding-machine","8":"first","9":"instock","10":"shipping-taxable","11":"product-type-simple"},"_links":{"self":[{"href":"https:\/\/www.agro-krt.com\/es\/wp-json\/wp\/v2\/product\/1578","targetHints":{"allow":["GET"]}}],"collection":[{"href":"https:\/\/www.agro-krt.com\/es\/wp-json\/wp\/v2\/product"}],"about":[{"href":"https:\/\/www.agro-krt.com\/es\/wp-json\/wp\/v2\/types\/product"}],"wp:featuredmedia":[{"embeddable":true,"href":"https:\/\/www.agro-krt.com\/es\/wp-json\/wp\/v2\/media\/1551"}],"wp:attachment":[{"href":"https:\/\/www.agro-krt.com\/es\/wp-json\/wp\/v2\/media?parent=1578"}],"wp:term":[{"taxonomy":"product_brand","embeddable":true,"href":"https:\/\/www.agro-krt.com\/es\/wp-json\/wp\/v2\/product_brand?post=1578"},{"taxonomy":"product_cat","embeddable":true,"href":"https:\/\/www.agro-krt.com\/es\/wp-json\/wp\/v2\/product_cat?post=1578"},{"taxonomy":"product_tag","embeddable":true,"href":"https:\/\/www.agro-krt.com\/es\/wp-json\/wp\/v2\/product_tag?post=1578"}],"curies":[{"name":"wp","href":"https:\/\/api.w.org\/{rel}","templated":true}]}}