{"id":1398,"date":"2024-12-28T01:44:39","date_gmt":"2024-12-28T01:44:39","guid":{"rendered":"https:\/\/www.agro-krt.com\/?post_type=product&#038;p=1398"},"modified":"2024-12-28T01:44:39","modified_gmt":"2024-12-28T01:44:39","slug":"powerful-2rd-600-seed-pellet-machine","status":"publish","type":"product","link":"https:\/\/www.agro-krt.com\/es\/producto\/powerful-2rd-600-seed-pellet-machine\/","title":{"rendered":"Potente granuladora de semillas 2RD-600"},"content":{"rendered":"<h1>2RD-600 granuladora de semillas<\/h1>\n<p><a href=\"https:\/\/www.instagram.com\/reel\/DEER5VDzyWa\/?igsh=MTFlMTlnbnA5ZHN2Yw==\" rel=\"nofollow noopener\" target=\"_blank\">Secado por lotes M\u00e1quina granuladora de semillas<\/a> es una tecnolog\u00eda emergente de procesamiento de semillas, que utiliza el equipo de peletizaci\u00f3n de semillas para poner en capas pesticidas, fertilizantes, reguladores de crecimiento, agentes de retenci\u00f3n de agua, oxigenadores y otros ingredientes eficaces y algunos materiales auxiliares en la semilla de una manera ordenada, de modo que la peletizaci\u00f3n de semillas (puede hacer que el tama\u00f1o de la semilla peque\u00f1a se ampl\u00ede de decenas a cientos de veces), no s\u00f3lo puede lograr eficazmente la protecci\u00f3n de las plantas antes de la siembra, con fertilizantes, con medicamentos en el campo. Para lograr el prop\u00f3sito de proteger y fortalecer las pl\u00e1ntulas y regular el crecimiento de los cultivos; Tambi\u00e9n crea condiciones favorables para la siembra de precisi\u00f3n mecanizada, a fin de lograr el prop\u00f3sito de ahorro de semillas, aumentar el rendimiento, el ahorro de costes y aumentar la eficiencia.<\/p>\n<p>Descripci\u00f3n de la m\u00e1quina: Esta m\u00e1quina se utiliza principalmente para vegetales, materiales medicinales, flores, hierba <a href=\"https:\/\/www.Agro-krt.com\" rel=\"nofollow noopener\" target=\"_blank\">granuladora de semillas<\/a>, con alta eficiencia de procesamiento, altas caracter\u00edsticas de part\u00edculas individuales.<\/p>\n<h1>2RD-600 granuladora de semillas Par\u00e1metros principales<\/h1>\n<ol>\n<li>Configuraci\u00f3n: Granuladora 600, colector de polvo industrial por impulsos, m\u00e1quina de alimentaci\u00f3n autom\u00e1tica, armario de control Siemens<\/li>\n<li>Alimentaci\u00f3n: 380v<\/li>\n<li>Tama\u00f1o de las especificaciones: 2,2*2,9*1,9 (m)<\/li>\n<li>4.potencia del husillo:5.5kw<\/li>\n<li>5.Tasa de siembra \u00fanica:99% y superior<\/li>\n<li>6.Eficiencia de trabajo:pastilla \u00fanica 1-6kg, tiempo de pastilla \u00fanica 20-35min<\/li>\n<\/ol>\n<p><img fetchpriority=\"high\" decoding=\"async\" class=\"alignnone size-medium wp-image-1401\" src=\"https:\/\/www.agro-krt.com\/wp-content\/uploads\/2024\/12\/2RD-600-seed-pellet-machine--300x300.jpg\" alt=\"\" width=\"300\" height=\"300\" srcset=\"https:\/\/www.agro-krt.com\/wp-content\/uploads\/2024\/12\/2RD-600-seed-pellet-machine--300x300.jpg 300w, https:\/\/www.agro-krt.com\/wp-content\/uploads\/2024\/12\/2RD-600-seed-pellet-machine--1024x1024.jpg 1024w, https:\/\/www.agro-krt.com\/wp-content\/uploads\/2024\/12\/2RD-600-seed-pellet-machine--150x150.jpg 150w, https:\/\/www.agro-krt.com\/wp-content\/uploads\/2024\/12\/2RD-600-seed-pellet-machine--768x768.jpg 768w, https:\/\/www.agro-krt.com\/wp-content\/uploads\/2024\/12\/2RD-600-seed-pellet-machine--1536x1536.jpg 1536w, https:\/\/www.agro-krt.com\/wp-content\/uploads\/2024\/12\/2RD-600-seed-pellet-machine--2048x2048.jpg 2048w, https:\/\/www.agro-krt.com\/wp-content\/uploads\/2024\/12\/2RD-600-seed-pellet-machine--12x12.jpg 12w, https:\/\/www.agro-krt.com\/wp-content\/uploads\/2024\/12\/2RD-600-seed-pellet-machine--1000x1000.jpg 1000w, https:\/\/www.agro-krt.com\/wp-content\/uploads\/2024\/12\/2RD-600-seed-pellet-machine--100x100.jpg 100w\" sizes=\"(max-width: 300px) 100vw, 300px\" \/><\/p>\n<h1>2RD-600 granuladora de semillas Ventajas del producto:<\/h1>\n<ol>\n<li>Adopta el sistema de control Siemens, buena l\u00f3gica, control m\u00e1s preciso, larga vida \u00fatil, y con funci\u00f3n de memoria de f\u00f3rmula.<\/li>\n<li>Dise\u00f1ado con una medici\u00f3n precisa del sistema de polvo, a trav\u00e9s del programa para controlar autom\u00e1ticamente la cantidad de polvo y agua.<\/li>\n<li>Adopta la tecnolog\u00eda de secado a temperatura ultrabaja m\u00e1s avanzada del sector para maximizar la actividad de las semillas granuladas.<\/li>\n<li>Alta tasa de semillas granuladas, que puede alcanzar m\u00e1s de 98%.<\/li>\n<li>Ahorro de costes en semillas: las semillas granuladas pueden satisfacer la siembra precisa y exacta, y pueden adaptarse a una gran variedad de sembradoras de precisi\u00f3n.<\/li>\n<li>Mejorar la resistencia de la semilla: la granulaci\u00f3n de la c\u00e1scara para que la semilla tenga un peque\u00f1o dep\u00f3sito, un peque\u00f1o dep\u00f3sito de fertilizante, puede mejorar en gran medida la capacidad de resistencia a las enfermedades, sino tambi\u00e9n para promover la ra\u00edz de pl\u00e1ntulas fuertes.<\/li>\n<li>C\u00f3modo manejo en el campo: las semillas granuladas emergen limpiamente, y es conveniente para el deshierbe, la aplicaci\u00f3n de fertilizantes y medicinas en el campo.<\/li>\n<\/ol>\n<p><img decoding=\"async\" class=\"alignnone size-medium wp-image-1400\" src=\"https:\/\/www.agro-krt.com\/wp-content\/uploads\/2024\/12\/2RD-600-seed-pellet-machine-300x300.jpg\" alt=\"\" width=\"300\" height=\"300\" srcset=\"https:\/\/www.agro-krt.com\/wp-content\/uploads\/2024\/12\/2RD-600-seed-pellet-machine-300x300.jpg 300w, https:\/\/www.agro-krt.com\/wp-content\/uploads\/2024\/12\/2RD-600-seed-pellet-machine-1024x1024.jpg 1024w, https:\/\/www.agro-krt.com\/wp-content\/uploads\/2024\/12\/2RD-600-seed-pellet-machine-150x150.jpg 150w, https:\/\/www.agro-krt.com\/wp-content\/uploads\/2024\/12\/2RD-600-seed-pellet-machine-768x768.jpg 768w, https:\/\/www.agro-krt.com\/wp-content\/uploads\/2024\/12\/2RD-600-seed-pellet-machine-1536x1536.jpg 1536w, https:\/\/www.agro-krt.com\/wp-content\/uploads\/2024\/12\/2RD-600-seed-pellet-machine-2048x2048.jpg 2048w, https:\/\/www.agro-krt.com\/wp-content\/uploads\/2024\/12\/2RD-600-seed-pellet-machine-12x12.jpg 12w, https:\/\/www.agro-krt.com\/wp-content\/uploads\/2024\/12\/2RD-600-seed-pellet-machine-1000x1000.jpg 1000w, https:\/\/www.agro-krt.com\/wp-content\/uploads\/2024\/12\/2RD-600-seed-pellet-machine-100x100.jpg 100w\" sizes=\"(max-width: 300px) 100vw, 300px\" \/><\/p>\n<div><b>introducci\u00f3n a la peletizadora<\/b>\n<\/div>\n<div>1. Con pie de apoyo y rueda universal, f\u00e1cil de mover<br \/>\n2.Todo el material de acero inoxidable, resistencia a la corrosi\u00f3n, sin \u00f3xido.<br \/>\n3.Di\u00e1metro del ca\u00f1\u00f3n de pellets 600 m<br \/>\n4.Equipado con puerto de descarga ajustable<br \/>\n5.Fine mano de obra sin chucking, no es f\u00e1cil de producir el fracaso<\/div>\n<p>&nbsp;<\/p>","protected":false},"excerpt":{"rendered":"<p>2RD-600 seed pellet machine Batch dried Seed pellet machine is an emerging seed processing technology, which uses seed pelleting equipment to layer pesticides, fertilizers, growth regulators, water retention agents, oxygenators and other effective ingredients and some auxiliary materials on the seed in an orderly way, so that the seed pelleting (can make the small seed [&hellip;]<\/p>\n","protected":false},"featured_media":1399,"template":"","meta":[],"product_brand":[],"product_cat":[24],"product_tag":[],"class_list":{"0":"post-1398","1":"product","2":"type-product","3":"status-publish","4":"has-post-thumbnail","6":"product_cat-seed-pellet-machine","8":"first","9":"instock","10":"shipping-taxable","11":"product-type-simple"},"_links":{"self":[{"href":"https:\/\/www.agro-krt.com\/es\/wp-json\/wp\/v2\/product\/1398","targetHints":{"allow":["GET"]}}],"collection":[{"href":"https:\/\/www.agro-krt.com\/es\/wp-json\/wp\/v2\/product"}],"about":[{"href":"https:\/\/www.agro-krt.com\/es\/wp-json\/wp\/v2\/types\/product"}],"wp:featuredmedia":[{"embeddable":true,"href":"https:\/\/www.agro-krt.com\/es\/wp-json\/wp\/v2\/media\/1399"}],"wp:attachment":[{"href":"https:\/\/www.agro-krt.com\/es\/wp-json\/wp\/v2\/media?parent=1398"}],"wp:term":[{"taxonomy":"product_brand","embeddable":true,"href":"https:\/\/www.agro-krt.com\/es\/wp-json\/wp\/v2\/product_brand?post=1398"},{"taxonomy":"product_cat","embeddable":true,"href":"https:\/\/www.agro-krt.com\/es\/wp-json\/wp\/v2\/product_cat?post=1398"},{"taxonomy":"product_tag","embeddable":true,"href":"https:\/\/www.agro-krt.com\/es\/wp-json\/wp\/v2\/product_tag?post=1398"}],"curies":[{"name":"wp","href":"https:\/\/api.w.org\/{rel}","templated":true}]}}