{"id":905,"date":"2024-11-29T02:51:07","date_gmt":"2024-11-29T02:51:07","guid":{"rendered":"https:\/\/agro-krt.com\/?page_id=905"},"modified":"2024-12-06T05:44:45","modified_gmt":"2024-12-06T05:44:45","slug":"shipping-policy","status":"publish","type":"page","link":"https:\/\/www.agro-krt.com\/es\/shipping-policy\/","title":{"rendered":"Pol\u00edtica de env\u00edos"},"content":{"rendered":"<div data-elementor-type=\"wp-page\" data-elementor-id=\"905\" class=\"elementor elementor-905\" data-elementor-post-type=\"page\">\n\t\t\t\t<div class=\"elementor-element elementor-element-5e1eae64 e-flex e-con-boxed e-con e-parent\" data-id=\"5e1eae64\" data-element_type=\"container\" data-e-type=\"container\" data-settings=\"{&quot;background_background&quot;:&quot;classic&quot;}\">\n\t\t\t\t\t<div class=\"e-con-inner\">\n\t\t<div class=\"elementor-element elementor-element-58a98f49 e-flex e-con-boxed e-con e-child\" data-id=\"58a98f49\" data-element_type=\"container\" data-e-type=\"container\">\n\t\t\t\t\t<div class=\"e-con-inner\">\n\t\t\t\t<div class=\"elementor-element elementor-element-33f9244f elementor-widget elementor-widget-heading\" data-id=\"33f9244f\" data-element_type=\"widget\" data-e-type=\"widget\" data-widget_type=\"heading.default\">\n\t\t\t\t<div class=\"elementor-widget-container\">\n\t\t\t\t\t<h1 class=\"elementor-heading-title elementor-size-default\">Pol\u00edtica de env\u00edos<\/h1>\t\t\t\t<\/div>\n\t\t\t\t<\/div>\n\t\t\t\t<div class=\"elementor-element elementor-element-5804181f elementor-widget elementor-widget-heading\" data-id=\"5804181f\" data-element_type=\"widget\" data-e-type=\"widget\" data-widget_type=\"heading.default\">\n\t\t\t\t<div class=\"elementor-widget-container\">\n\t\t\t\t\t<h4 class=\"elementor-heading-title elementor-size-default\">podemos cumplir los requisitos de nuestros clientes<\/h4>\t\t\t\t<\/div>\n\t\t\t\t<\/div>\n\t\t\t\t\t<\/div>\n\t\t\t\t<\/div>\n\t\t<div class=\"elementor-element elementor-element-3162d366 e-con-full e-flex e-con e-child\" data-id=\"3162d366\" data-element_type=\"container\" data-e-type=\"container\">\n\t\t\t\t<\/div>\n\t\t\t\t\t<\/div>\n\t\t\t\t<\/div>\n\t\t<div class=\"elementor-element elementor-element-643d51b e-flex e-con-boxed e-con e-parent\" data-id=\"643d51b\" data-element_type=\"container\" data-e-type=\"container\">\n\t\t\t\t\t<div class=\"e-con-inner\">\n\t\t\t\t<div class=\"elementor-element elementor-element-b479426 elementor-widget elementor-widget-text-editor\" data-id=\"b479426\" data-element_type=\"widget\" data-e-type=\"widget\" data-widget_type=\"text-editor.default\">\n\t\t\t\t<div class=\"elementor-widget-container\">\n\t\t\t\t\t\t\t\t\t<div id=\"gspb_text-id-gsbp-d6b590e\" class=\"gspb_text gspb_text-id-gsbp-d6b590e\">En Hebei Kairuote Machinery Manufacturing Co., LTD. nos esforzamos por ofrecer una entrega puntual y eficaz de nuestros productos a nuestros clientes. Enviamos nuestros productos a clientes tanto nacionales como internacionales.<\/div><h4 id=\"gspb_heading-id-gsbp-082136f\" class=\"gspb_heading gspb_heading-id-gsbp-082136f\">Env\u00edo nacional:<\/h4><div id=\"gspb_iconsList-id-gsbp-e328203\" class=\"wp-block-greenshift-blocks-iconlist gspb_iconsList gspb_iconsList-id-gsbp-e328203\"><div class=\"gspb_iconsList__item\" data-id=\"0\"><span class=\"gspb_iconsList__item__text\">Enviamos nuestros productos dentro de China continental a trav\u00e9s de varios transportistas, seg\u00fan el producto y la ubicaci\u00f3n del cliente.<\/span><\/div><div class=\"gspb_iconsList__item\" data-id=\"1\"><span class=\"gspb_iconsList__item__text\">Los gastos de env\u00edo nacionales pueden variar en funci\u00f3n del peso y el tama\u00f1o del producto, as\u00ed como del destino del env\u00edo.<\/span><\/div><div class=\"gspb_iconsList__item\" data-id=\"2\"><span class=\"gspb_iconsList__item__text\">El plazo de entrega estimado para los env\u00edos nacionales suele ser de entre 3 y 7 d\u00edas laborables, en funci\u00f3n del transportista y del destino del env\u00edo.<\/span><\/div><\/div><h4 id=\"gspb_heading-id-gsbp-44de51b\" class=\"gspb_heading gspb_heading-id-gsbp-44de51b\">Env\u00edos internacionales:<\/h4><div id=\"gspb_iconsList-id-gsbp-b3b9d3c\" class=\"wp-block-greenshift-blocks-iconlist gspb_iconsList gspb_iconsList-id-gsbp-b3b9d3c\"><div class=\"gspb_iconsList__item\" data-id=\"0\"><span class=\"gspb_iconsList__item__text\">Enviamos nuestros productos a clientes internacionales a trav\u00e9s de distintos transportistas, seg\u00fan el producto y la ubicaci\u00f3n del cliente.<\/span><\/div><div class=\"gspb_iconsList__item\" data-id=\"1\"><span class=\"gspb_iconsList__item__text\">Los gastos de env\u00edo internacionales pueden variar en funci\u00f3n del peso y el tama\u00f1o del producto, as\u00ed como del destino del env\u00edo.<\/span><\/div><div class=\"gspb_iconsList__item\" data-id=\"2\"><span class=\"gspb_iconsList__item__text\">El plazo de entrega estimado para los env\u00edos internacionales var\u00eda en funci\u00f3n del transportista y del destino del env\u00edo. Los plazos de entrega pueden verse afectados por aduanas y otros factores fuera de nuestro control.<\/span><\/div><div class=\"gspb_iconsList__item\" data-id=\"3\"><span class=\"gspb_iconsList__item__text\">Tenga en cuenta que no nos hacemos responsables de los derechos de aduana, impuestos o tasas que pueda imponer el pa\u00eds de destino. El cliente es responsable de dichas tasas.<\/span><\/div><\/div><div id=\"gspb_text-id-gsbp-16c0190\" class=\"gspb_text gspb_text-id-gsbp-16c0190\">Si tiene alguna pregunta o duda sobre el env\u00edo, no dude en ponerse en contacto con nosotros en <strong><a href=\"mailto:nongruide.sale01@gmail.com\">nongruide.sale01@gmail.com<\/a><\/strong>\u00a0o <a href=\"mailto:ivy@dashunjingfeng.com\"><strong>ivy@dashunjingfeng.com<\/strong><\/a>.<\/div>\t\t\t\t\t\t\t\t<\/div>\n\t\t\t\t<\/div>\n\t\t\t\t\t<\/div>\n\t\t\t\t<\/div>\n\t\t\t\t<\/div>","protected":false},"excerpt":{"rendered":"<p>we can follow our customers requirements At Hebei Kairuote Machinery Manufacturing Co., LTD., we strive to provide timely and efficient delivery of our products to our customers. We ship our products to customers both domestically and internationally. Domestic Shipping: We ship our products within mainland China via various shipping carriers, depending on the product and [&hellip;]<\/p>\n","protected":false},"author":1,"featured_media":0,"parent":0,"menu_order":0,"comment_status":"closed","ping_status":"closed","template":"","meta":{"footnotes":""},"class_list":["post-905","page","type-page","status-publish","hentry"],"_links":{"self":[{"href":"https:\/\/www.agro-krt.com\/es\/wp-json\/wp\/v2\/pages\/905","targetHints":{"allow":["GET"]}}],"collection":[{"href":"https:\/\/www.agro-krt.com\/es\/wp-json\/wp\/v2\/pages"}],"about":[{"href":"https:\/\/www.agro-krt.com\/es\/wp-json\/wp\/v2\/types\/page"}],"author":[{"embeddable":true,"href":"https:\/\/www.agro-krt.com\/es\/wp-json\/wp\/v2\/users\/1"}],"replies":[{"embeddable":true,"href":"https:\/\/www.agro-krt.com\/es\/wp-json\/wp\/v2\/comments?post=905"}],"version-history":[{"count":0,"href":"https:\/\/www.agro-krt.com\/es\/wp-json\/wp\/v2\/pages\/905\/revisions"}],"wp:attachment":[{"href":"https:\/\/www.agro-krt.com\/es\/wp-json\/wp\/v2\/media?parent=905"}],"curies":[{"name":"wp","href":"https:\/\/api.w.org\/{rel}","templated":true}]}}