{"id":503,"date":"2024-11-29T02:48:26","date_gmt":"2024-11-29T02:48:26","guid":{"rendered":"https:\/\/agro-krt.com\/?page_id=503"},"modified":"2024-12-10T08:43:26","modified_gmt":"2024-12-10T08:43:26","slug":"refund-policy","status":"publish","type":"page","link":"https:\/\/www.agro-krt.com\/es\/refund-policy\/","title":{"rendered":"Pol\u00edtica de reembolso"},"content":{"rendered":"<div data-elementor-type=\"wp-page\" data-elementor-id=\"503\" class=\"elementor elementor-503\" data-elementor-post-type=\"page\">\n\t\t\t\t<div class=\"elementor-element elementor-element-7b658c2b e-flex e-con-boxed e-con e-parent\" data-id=\"7b658c2b\" data-element_type=\"container\" data-e-type=\"container\" data-settings=\"{&quot;background_background&quot;:&quot;classic&quot;}\">\n\t\t\t\t\t<div class=\"e-con-inner\">\n\t\t<div class=\"elementor-element elementor-element-3aac8859 e-flex e-con-boxed e-con e-child\" data-id=\"3aac8859\" data-element_type=\"container\" data-e-type=\"container\">\n\t\t\t\t\t<div class=\"e-con-inner\">\n\t\t\t\t<div class=\"elementor-element elementor-element-68de9df elementor-widget elementor-widget-heading\" data-id=\"68de9df\" data-element_type=\"widget\" data-e-type=\"widget\" data-widget_type=\"heading.default\">\n\t\t\t\t<div class=\"elementor-widget-container\">\n\t\t\t\t\t<h1 class=\"elementor-heading-title elementor-size-default\">Pol\u00edtica de reembolso<\/h1>\t\t\t\t<\/div>\n\t\t\t\t<\/div>\n\t\t\t\t<div class=\"elementor-element elementor-element-db7c6ee elementor-widget elementor-widget-heading\" data-id=\"db7c6ee\" data-element_type=\"widget\" data-e-type=\"widget\" data-widget_type=\"heading.default\">\n\t\t\t\t<div class=\"elementor-widget-container\">\n\t\t\t\t\t<h4 class=\"elementor-heading-title elementor-size-default\">podemos cumplir los requisitos de nuestros clientes<\/h4>\t\t\t\t<\/div>\n\t\t\t\t<\/div>\n\t\t\t\t\t<\/div>\n\t\t\t\t<\/div>\n\t\t<div class=\"elementor-element elementor-element-e48d1e2 e-con-full e-flex e-con e-child\" data-id=\"e48d1e2\" data-element_type=\"container\" data-e-type=\"container\">\n\t\t\t\t<\/div>\n\t\t\t\t\t<\/div>\n\t\t\t\t<\/div>\n\t\t<div class=\"elementor-element elementor-element-f1a65b8 e-flex e-con-boxed e-con e-parent\" data-id=\"f1a65b8\" data-element_type=\"container\" data-e-type=\"container\">\n\t\t\t\t\t<div class=\"e-con-inner\">\n\t\t<div class=\"elementor-element elementor-element-7020d6d e-con-full e-flex e-con e-child\" data-id=\"7020d6d\" data-element_type=\"container\" data-e-type=\"container\">\n\t\t\t\t<div class=\"elementor-element elementor-element-33bdf1d elementor-widget elementor-widget-text-editor\" data-id=\"33bdf1d\" data-element_type=\"widget\" data-e-type=\"widget\" data-widget_type=\"text-editor.default\">\n\t\t\t\t<div class=\"elementor-widget-container\">\n\t\t\t\t\t\t\t\t\t<div id=\"gspb_text-id-gsbp-d6b590e\" class=\"gspb_text gspb_text-id-gsbp-d6b590e\"><p>En Hebei Kairuote Machinery Manufacturing Co., LTD. nos esforzamos por ofrecer productos de alta calidad y un excelente servicio al cliente. Entendemos que a veces un producto puede no satisfacer sus expectativas. En tal caso, ofrecemos una pol\u00edtica de reembolso que le permite devolver el producto dentro de un cierto per\u00edodo de tiempo a partir de la fecha de compra.<\/p><p>Tenga en cuenta que no podemos prometer ni garantizar el resultado de ninguno de los productos que ofrecemos. Nos esforzamos por ofrecer productos de alta calidad, pero el \u00e9xito de cualquier producto depende de varios factores que est\u00e1n fuera de nuestro control. Por lo tanto, no podemos ofrecer reembolsos basados en el resultado de ning\u00fan producto.<\/p><h4>Nuestra pol\u00edtica de reembolso es la siguiente:<\/h4><\/div><div id=\"gspb_iconsList-id-gsbp-e328203\" class=\"wp-block-greenshift-blocks-iconlist gspb_iconsList gspb_iconsList-id-gsbp-e328203\"><div class=\"gspb_iconsList__item\" data-id=\"0\"><span class=\"gspb_iconsList__item__text\">Si no est\u00e1 satisfecho con el producto, puede optar a una devoluci\u00f3n.<\/span><\/div><div class=\"gspb_iconsList__item\" data-id=\"1\"><span class=\"gspb_iconsList__item__text\">Para iniciar una devoluci\u00f3n, p\u00f3ngase en contacto con nosotros en \u00a0<strong><a href=\"mailto:nongruide.sale01@gmail.com\">nongruide.sale01@gmail.com<\/a><\/strong>\u00a0o\u00a0<a href=\"mailto:ivy@dashunjingfeng.com\"><strong>ivy@dashunjingfeng.com<\/strong><\/a>.<\/span><\/div><div class=\"gspb_iconsList__item\" data-id=\"2\"><span class=\"gspb_iconsList__item__text\">El producto debe estar en su embalaje original y en estado nuevo para poder ser devuelto.<\/span><\/div><div class=\"gspb_iconsList__item\" data-id=\"3\"><span class=\"gspb_iconsList__item__text\">Los gastos de env\u00edo no son reembolsables.<\/span><\/div><div class=\"gspb_iconsList__item\" data-id=\"4\"><span class=\"gspb_iconsList__item__text\">Una vez que recibamos el producto, lo evaluaremos y determinaremos si procede la devoluci\u00f3n.<\/span><\/div><div class=\"gspb_iconsList__item\" data-id=\"5\"><span class=\"gspb_iconsList__item__text\">Tenga en cuenta que nos reservamos el derecho a rechazar una devoluci\u00f3n si el producto no cumple los criterios de nuestra pol\u00edtica de devoluciones.<\/span><\/div><\/div><div id=\"gspb_text-id-gsbp-16c0190\" class=\"gspb_text gspb_text-id-gsbp-16c0190\">Si tiene alguna pregunta o duda sobre nuestra pol\u00edtica de devoluciones, no dude en ponerse en contacto con nosotros en <strong><a href=\"mailto:nongruide.sale01@gmail.com\">nongruide.sale01@gmail.com<\/a><\/strong>\u00a0o <a href=\"mailto:ivy@dashunjingfeng.com\"><strong>ivy@dashunjingfeng.com<\/strong><\/a>..<\/div>\t\t\t\t\t\t\t\t<\/div>\n\t\t\t\t<\/div>\n\t\t\t\t<\/div>\n\t\t\t\t\t<\/div>\n\t\t\t\t<\/div>\n\t\t\t\t<\/div>","protected":false},"excerpt":{"rendered":"<p>we can follow our customers requirements At Hebei Kairuote Machinery Manufacturing Co., LTD., we strive to provide high-quality products and excellent customer service. We understand that sometimes a product may not meet your expectations. In such an event, we offer a refund policy that allows you to return the product within a certain period of [&hellip;]<\/p>\n","protected":false},"author":1,"featured_media":0,"parent":0,"menu_order":0,"comment_status":"closed","ping_status":"closed","template":"","meta":{"footnotes":""},"class_list":["post-503","page","type-page","status-publish","hentry"],"_links":{"self":[{"href":"https:\/\/www.agro-krt.com\/es\/wp-json\/wp\/v2\/pages\/503","targetHints":{"allow":["GET"]}}],"collection":[{"href":"https:\/\/www.agro-krt.com\/es\/wp-json\/wp\/v2\/pages"}],"about":[{"href":"https:\/\/www.agro-krt.com\/es\/wp-json\/wp\/v2\/types\/page"}],"author":[{"embeddable":true,"href":"https:\/\/www.agro-krt.com\/es\/wp-json\/wp\/v2\/users\/1"}],"replies":[{"embeddable":true,"href":"https:\/\/www.agro-krt.com\/es\/wp-json\/wp\/v2\/comments?post=503"}],"version-history":[{"count":0,"href":"https:\/\/www.agro-krt.com\/es\/wp-json\/wp\/v2\/pages\/503\/revisions"}],"wp:attachment":[{"href":"https:\/\/www.agro-krt.com\/es\/wp-json\/wp\/v2\/media?parent=503"}],"curies":[{"name":"wp","href":"https:\/\/api.w.org\/{rel}","templated":true}]}}