{"id":3,"date":"2024-11-23T00:57:27","date_gmt":"2024-11-23T00:57:27","guid":{"rendered":"https:\/\/agro-krt.com\/?page_id=3"},"modified":"2024-12-06T06:02:39","modified_gmt":"2024-12-06T06:02:39","slug":"privacy-policy","status":"publish","type":"page","link":"https:\/\/www.agro-krt.com\/es\/privacy-policy\/","title":{"rendered":"Pol\u00edtica de privacidad"},"content":{"rendered":"<div data-elementor-type=\"wp-page\" data-elementor-id=\"3\" class=\"elementor elementor-3\" data-elementor-post-type=\"page\">\n\t\t\t\t<div class=\"elementor-element elementor-element-5d99c64b e-flex e-con-boxed e-con e-parent\" data-id=\"5d99c64b\" data-element_type=\"container\" data-e-type=\"container\" data-settings=\"{&quot;background_background&quot;:&quot;classic&quot;}\">\n\t\t\t\t\t<div class=\"e-con-inner\">\n\t\t<div class=\"elementor-element elementor-element-2dde94b4 e-flex e-con-boxed e-con e-child\" data-id=\"2dde94b4\" data-element_type=\"container\" data-e-type=\"container\">\n\t\t\t\t\t<div class=\"e-con-inner\">\n\t\t\t\t<div class=\"elementor-element elementor-element-1c7e30ea elementor-widget elementor-widget-heading\" data-id=\"1c7e30ea\" data-element_type=\"widget\" data-e-type=\"widget\" data-widget_type=\"heading.default\">\n\t\t\t\t<div class=\"elementor-widget-container\">\n\t\t\t\t\t<h1 class=\"elementor-heading-title elementor-size-default\">Pol\u00edtica de privacidad<\/h1>\t\t\t\t<\/div>\n\t\t\t\t<\/div>\n\t\t\t\t<div class=\"elementor-element elementor-element-2a39ee54 elementor-widget elementor-widget-heading\" data-id=\"2a39ee54\" data-element_type=\"widget\" data-e-type=\"widget\" data-widget_type=\"heading.default\">\n\t\t\t\t<div class=\"elementor-widget-container\">\n\t\t\t\t\t<h4 class=\"elementor-heading-title elementor-size-default\">podemos cumplir los requisitos de nuestros clientes<\/h4>\t\t\t\t<\/div>\n\t\t\t\t<\/div>\n\t\t\t\t\t<\/div>\n\t\t\t\t<\/div>\n\t\t<div class=\"elementor-element elementor-element-77f8c32d e-con-full e-flex e-con e-child\" data-id=\"77f8c32d\" data-element_type=\"container\" data-e-type=\"container\">\n\t\t\t\t<\/div>\n\t\t\t\t\t<\/div>\n\t\t\t\t<\/div>\n\t\t<div class=\"elementor-element elementor-element-66f879b3 e-flex e-con-boxed e-con e-parent\" data-id=\"66f879b3\" data-element_type=\"container\" data-e-type=\"container\">\n\t\t\t\t\t<div class=\"e-con-inner\">\n\t\t\t\t<div class=\"elementor-element elementor-element-24b0f292 elementor-widget elementor-widget-text-editor\" data-id=\"24b0f292\" data-element_type=\"widget\" data-e-type=\"widget\" data-widget_type=\"text-editor.default\">\n\t\t\t\t<div class=\"elementor-widget-container\">\n\t\t\t\t\t\t\t\t\t<p>Hebei Kairuote Machinery Manufacturing Co., LTD.se compromete a proteger su privacidad y ganar su confianza. Youert vehicle parts no vende, comercia o alquila su informaci\u00f3n personal a terceros. Esta pol\u00edtica revela las pr\u00e1cticas de privacidad para el sitio Web Youert vehicle parts. Utilizamos la informaci\u00f3n que recopilamos sobre usted desde el sitio Web de piezas de veh\u00edculos Youert para procesar pedidos y mantener una relaci\u00f3n con usted durante el uso de nuestros productos y servicios. Esta pol\u00edtica explica c\u00f3mo se protege su informaci\u00f3n personal. Es nuestra intenci\u00f3n de darle el mayor control posible sobre su privacidad y la informaci\u00f3n personal y el uso que hacemos de ella en nuestro negocio.<\/p>\t\t\t\t\t\t\t\t<\/div>\n\t\t\t\t<\/div>\n\t\t\t\t\t<\/div>\n\t\t\t\t<\/div>\n\t\t<div class=\"elementor-element elementor-element-1279e68 e-flex e-con-boxed e-con e-parent\" data-id=\"1279e68\" data-element_type=\"container\" data-e-type=\"container\">\n\t\t\t\t\t<div class=\"e-con-inner\">\n\t\t\t\t<div class=\"elementor-element elementor-element-d91f203 elementor-widget elementor-widget-text-editor\" data-id=\"d91f203\" data-element_type=\"widget\" data-e-type=\"widget\" data-widget_type=\"text-editor.default\">\n\t\t\t\t<div class=\"elementor-widget-container\">\n\t\t\t\t\t\t\t\t\t<h3>\u00bfC\u00f3mo utiliza Kairuote mi informaci\u00f3n?<\/h3>\n<p>Recopilamos informaci\u00f3n personal para ayudarnos a proporcionar una experiencia de usuario de alta calidad y para ayudar a Kairuote a comprender mejor a nuestros clientes. Kairuote no vende, intercambia ni alquila su informaci\u00f3n personal a terceros. La informaci\u00f3n personal que usted decide darnos permite a Kairuote procesar y satisfacer su solicitud de una prueba gratuita del Centro de Formaci\u00f3n Kairuote. Tambi\u00e9n utilizamos esa informaci\u00f3n, en caso de que decida solicitar nuestros productos y servicios, para procesar y completar su pedido y notificarle el estado del mismo.<\/p>\n<ol>\n<li>Utilizamos la informaci\u00f3n personal que nos facilita para proporcionarle informaci\u00f3n actualizada sobre los productos y servicios de Kairuote.<\/li>\n<li>Podemos utilizar la informaci\u00f3n que recopilamos para notificarle de vez en cuando cambios importantes en la funcionalidad del sitio web, nuevos servicios y productos de Kairuote y ofertas especiales que creemos que le resultar\u00e1n valiosas.<\/li>\n<li>Cuando usted nos proporciona informaci\u00f3n personal para participar en un concurso o promoci\u00f3n patrocinado por Kairuote o sus socios, utilizamos esta informaci\u00f3n para administrar el concurso y notificar a los ganadores. Almacenamos toda la informaci\u00f3n relativa a dichos concursos y promociones.<\/li>\n<li>Enviaremos anuncios o promociones a nuestros clientes utilizando la informaci\u00f3n personal que nos facilite. No permitimos que los anunciantes tengan acceso a la informaci\u00f3n de cuentas individuales. Estos anuncios suelen ser banners y correos electr\u00f3nicos promocionales.<\/li>\n<li>Tambi\u00e9n investigamos los datos demogr\u00e1ficos, los intereses y el comportamiento de nuestros usuarios a partir de la informaci\u00f3n que nos facilitan en nuestra herramienta de encuestas en l\u00ednea. Recopilamos y analizamos esta informaci\u00f3n de forma agregada o an\u00f3nima.<\/li>\n<li>Utilizamos las direcciones IP que recopilamos para proporcionar informaci\u00f3n agregada o an\u00f3nima a nuestros anunciantes.<\/li>\n<\/ol>\n<h3>\u00bfQui\u00e9n recopila la informaci\u00f3n?<\/h3>\n<p>Cuando usted suministra informaci\u00f3n personal en un sitio de Kairuote, s\u00f3lo comparte esa informaci\u00f3n con Kairuote, a menos que se le indique espec\u00edficamente lo contrario. Si una empresa distinta de Kairuote recopila o mantiene sus datos personales desde nuestro sitio web, se le informar\u00e1 antes de que se recopilen o transfieran. Siempre puede optar por no compartir la informaci\u00f3n. Cuando empresas distintas de Kairuote patrocinan promociones, los datos recogidos en el sitio de Kairuote en relaci\u00f3n con estas promociones pueden ser compartidos con el patrocinador. Una vez m\u00e1s, si este es el caso, se le notificar\u00e1 antes de que los datos sean recogidos o transferidos, y usted podr\u00e1 decidir no participar. La mayor\u00eda de estas promociones est\u00e1n limitadas a residentes en Estados Unidos o Norteam\u00e9rica. Si abandona nuestro sitio web utilizando enlaces para ir a sitios web de terceros, esos terceros pueden recopilar informaci\u00f3n sobre usted. Esta pol\u00edtica de privacidad no cubre las pr\u00e1cticas de esas empresas.<\/p>\n<h3>\u00bfComparte Kairuote mi informaci\u00f3n?<\/h3>\n<p>Aparte de lo indicado en esta pol\u00edtica, Kairuote no revela ninguna informaci\u00f3n personal a terceros sin su permiso. Lea las siguientes secciones para obtener m\u00e1s informaci\u00f3n.<\/p>\n<h3>Otras situaciones<\/h3>\n<p>Kairuote tambi\u00e9n puede revelar su informaci\u00f3n cuando la divulgaci\u00f3n sea necesaria para identificar, contactar o emprender acciones legales contra alguien que pueda estar causando da\u00f1os o interfiriendo con nuestros derechos o derechos de propiedad, los derechos de los usuarios o los derechos de otros. Del mismo modo, Kairuote divulgar\u00e1 informaci\u00f3n cuando creamos razonablemente que la divulgaci\u00f3n es requerida por la ley o para cumplir con un proceso legal notificado a Kairuote o a su sitio web. Podemos revelar su informaci\u00f3n personal en la creencia de buena fe de que debemos actuar en circunstancias apremiantes para proteger la seguridad personal de los usuarios de Kairuote, su sitio web, o el p\u00fablico.<\/p>\n<h3>\u00bfC\u00f3mo protege Kairuote la informaci\u00f3n financiera y de su tarjeta de cr\u00e9dito?<\/h3>\n<p>Nos comprometemos a proteger la privacidad de los datos de su tarjeta de cr\u00e9dito y de su cuenta financiera. No vendemos, intercambiamos ni alquilamos la informaci\u00f3n financiera o de su tarjeta de cr\u00e9dito. No ponemos esta informaci\u00f3n a disposici\u00f3n de nadie sin su permiso. Podemos proporcionar datos estad\u00edsticos sobre nuestros clientes a anunciantes, socios, proveedores y otros terceros de confianza. Estos datos se componen \u00fanicamente de datos agregados o an\u00f3nimos, que no contienen ninguna informaci\u00f3n personal identificable. Por ejemplo, no revelaremos que usted ha comprado un producto espec\u00edfico, pero podr\u00edamos revelar estad\u00edsticas sobre cu\u00e1ntos clientes han comprado un producto espec\u00edfico. Cuando usted introduce los datos de su tarjeta de cr\u00e9dito en nuestro sitio web, transmitimos la informaci\u00f3n en formato cifrado, utilizando el est\u00e1ndar industrial de cifrado de capa de conexi\u00f3n segura (SSL).<\/p>\n<h3>Sus derechos en relaci\u00f3n con sus datos personales<\/h3>\n<p>Usted tiene derecho, en virtud de la presente Pol\u00edtica de Privacidad y Cookies, y por ley si se encuentra dentro de la UE, a:<\/p>\n<ol>\n<li>Solicitar acceso a sus Datos Personales. Si se encuentra dentro de la UE, esto le permite recibir una copia de los Datos Personales que tenemos sobre usted y comprobar que los estamos procesando legalmente.<\/li>\n<li>Solicitar la correcci\u00f3n de los Datos Personales que tenemos sobre usted. Esto le permite corregir cualquier informaci\u00f3n incompleta o inexacta que tengamos sobre usted.<\/li>\n<li>Solicitar la supresi\u00f3n de sus Datos Personales. Esto le permite pedirnos que borremos o eliminemos sus Datos Personales cuando no haya una buena raz\u00f3n para que sigamos proces\u00e1ndolos. Si se encuentra en la UE, tambi\u00e9n tiene derecho a pedirnos que borremos o eliminemos sus Datos Personales cuando haya ejercido su derecho a oponerse al tratamiento (v\u00e9ase m\u00e1s abajo).<\/li>\n<li>Oponerse al tratamiento de sus Datos Personales. Este derecho existe cuando nos basamos en un inter\u00e9s leg\u00edtimo como base jur\u00eddica para nuestro tratamiento, y hay algo en su situaci\u00f3n particular que le lleva a oponerse al tratamiento de sus Datos Personales por este motivo. Tambi\u00e9n tiene derecho a oponerse cuando tratemos sus Datos Personales con fines de marketing directo.<\/li>\n<li>Solicitar la restricci\u00f3n del tratamiento de sus Datos Personales. Esto le permite pedirnos que suspendamos el tratamiento de sus Datos Personales, por ejemplo, si desea que establezcamos su exactitud o el motivo del tratamiento.<\/li>\n<li>Solicitar la transferencia de sus Datos Personales. Si se encuentra dentro de la UE, le proporcionaremos a usted, o a un tercero que usted haya elegido, sus Datos Personales en un formato estructurado, de uso com\u00fan y lectura mec\u00e1nica. Tenga en cuenta que este derecho s\u00f3lo se aplica a la informaci\u00f3n automatizada cuyo uso nos haya autorizado inicialmente o cuando hayamos utilizado la informaci\u00f3n para ejecutar un contrato con usted.<\/li>\n<li>Retirar el consentimiento. Este derecho s\u00f3lo existe cuando nos basamos en el consentimiento para tratar sus Datos Personales (\"Retirada del consentimiento\"). Si retira su consentimiento, es posible que no podamos proporcionarle acceso a determinadas funcionalidades espec\u00edficas de nuestro sitio. Le informaremos de ello en el momento en que retire su consentimiento.<\/li>\n<\/ol>\n<h3>Quejas<\/h3>\n<p>Si desea presentar una reclamaci\u00f3n sobre esta Pol\u00edtica de Privacidad o sobre nuestras pr\u00e1cticas en relaci\u00f3n con sus Datos Personales, p\u00f3ngase en contacto con nosotros en <strong><a rel=\"noopener\">nongruide.sale01@gmail.com<\/a><\/strong> o <strong><a rel=\"noopener\">ivy@dashunjingfeng.com<\/a><\/strong>.<\/p>\n<p>Responderemos a su queja lo antes posible.<\/p>\n<p>Si considera que su reclamaci\u00f3n no se ha resuelto adecuadamente, tenga en cuenta que si se encuentra en la UE, el GDPR le da derecho a ponerse en contacto con la autoridad supervisora de protecci\u00f3n de datos local.<\/p>\n<h3>Archivos de registro<\/h3>\n<p>La informaci\u00f3n de los archivos de registro es comunicada autom\u00e1ticamente por su navegador cada vez que accede a una p\u00e1gina web. Cuando usted utiliza los servicios, nuestros servidores registran autom\u00e1ticamente cierta informaci\u00f3n que su navegador env\u00eda cada vez que visita cualquier p\u00e1gina web. Estos registros del servidor pueden incluir informaci\u00f3n como su solicitud web, direcci\u00f3n de protocolo de Internet, tipo de navegador, p\u00e1ginas y URL de referencia\/salida, n\u00famero de clics, nombres de dominio, p\u00e1ginas de destino, p\u00e1ginas vistas y otra informaci\u00f3n similar.<\/p>\n<h3>Cu\u00e1nto tiempo almacenamos sus datos personales<\/h3>\n<p>Conservaremos su informaci\u00f3n mientras su cuenta est\u00e9 activa o sea razonablemente necesaria para los fines establecidos en <strong>C\u00f3mo utilizamos sus datos personales y por qu\u00e9<\/strong>salvo que solicite que eliminemos sus Datos Personales tal como se describe en <strong>Sus derechos en relaci\u00f3n con sus datos personales<\/strong>. S\u00f3lo conservaremos sus Datos Personales durante el tiempo que razonablemente necesitemos utilizarlos para estos fines, a menos que la ley exija un per\u00edodo de conservaci\u00f3n m\u00e1s largo (por ejemplo, con fines reglamentarios). Esto puede incluir la conservaci\u00f3n de sus Datos Personales despu\u00e9s de que haya desactivado su cuenta durante el per\u00edodo de tiempo necesario para que podamos perseguir intereses comerciales leg\u00edtimos, realizar auditor\u00edas, cumplir (y demostrar el cumplimiento de) obligaciones legales, resolver disputas y hacer cumplir nuestros acuerdos.<\/p>\n<h3>\u00bfQu\u00e9 son las cookies y c\u00f3mo las utiliza Kairuote?<\/h3>\n<p>Algunas partes de nuestro sistema de gesti\u00f3n del aprendizaje utilizan \"cookies\" para poder reconocer inmediatamente a un usuario y atribuirle diferentes permisos asociados a las funciones del sistema. Una \"cookie\" es un fragmento de datos que se env\u00eda a su navegador desde un servidor web y que \u00e9ste almacena en el disco duro de su ordenador. La configuraci\u00f3n de su navegador debe estar configurada para aceptar cookies antes de que pueda iniciar sesi\u00f3n o personalizar. La mayor\u00eda de los navegadores est\u00e1n configurados para aceptar cookies, pero normalmente puede cambiar la configuraci\u00f3n de su navegador para rechazarlas. Kairuote no utiliza cookies para recuperar informaci\u00f3n personal sobre usted de su ordenador. Esta pol\u00edtica no cubre el uso de cookies por parte de ning\u00fan anunciante en nuestro sitio web. Kairuote utiliza cookies para:<\/p>\n<ul>\n<li>Localice su nombre y la informaci\u00f3n de su cuenta cuando inicie sesi\u00f3n en su Centro de Formaci\u00f3n Kairuote para poder acceder a la informaci\u00f3n de su cuenta. Al iniciar sesi\u00f3n, se establece la cookie, y al cerrar sesi\u00f3n, se modifica la cookie.<\/li>\n<li>Estimar el tama\u00f1o de nuestra audiencia. Cada navegador que visita nuestro sitio recibe una cookie \u00fanica, que se utiliza para determinar el n\u00famero de visitas repetidas y el n\u00famero de visitantes \u00fanicos.<\/li>\n<\/ul>\n<h3>Su consentimiento<\/h3>\n<p>Al utilizar nuestro sitio web, usted consiente la recopilaci\u00f3n y el uso de esta informaci\u00f3n por parte de Kairuote. Si decidimos cambiar nuestra pol\u00edtica de privacidad, publicaremos dichos cambios en esta p\u00e1gina para que siempre sepa qu\u00e9 informaci\u00f3n recopilamos, c\u00f3mo la utilizamos y en qu\u00e9 circunstancias la revelamos.<\/p>\n<h4>Pol\u00edtica de inclusi\u00f3n\/exclusi\u00f3n voluntaria<\/h4>\n<p>Tras el registro o el env\u00edo de informaci\u00f3n personal, Kairuote le ofrece la opci\u00f3n de recibir m\u00e1s comunicaciones de Kairuote. Si decide recibir estas comunicaciones, Kairuote le enviar\u00e1 ocasionalmente correos electr\u00f3nicos o postales sobre productos y servicios que consideremos puedan ser de su inter\u00e9s. Para no recibir estas ofertas, s\u00f3lo tiene que seguir las instrucciones para darse de baja que se incluyen en cada correo electr\u00f3nico.<\/p>\n<p>Si prefiere dejar de recibir informaci\u00f3n de Kairuote por correo electr\u00f3nico, puede optar por no recibir estas comunicaciones siguiendo las instrucciones incluidas en cada correo electr\u00f3nico. Si prefiere dejar de recibir informaci\u00f3n de piezas de veh\u00edculos Kairuote por correo postal, p\u00f3ngase en contacto con nosotros en <strong><a href=\"mailto:nongruide.sale01@gmail.com\">nongruide.sale01@gmail.com<\/a><\/strong>&nbsp;o <a href=\"mailto:ivy@dashunjingfeng.com\"><strong>ivy@dashunjingfeng.com<\/strong><\/a>.. Kairuote no vende, intercambia ni alquila su informaci\u00f3n personal a terceros.<\/p>\n<h4>Contactar con el sitio web<\/h4>\n<p>Si tiene alguna pregunta sobre esta pol\u00edtica de privacidad, las pr\u00e1cticas de este sitio o sus relaciones con este sitio web, p\u00f3ngase en contacto con: <strong><a href=\"mailto:nongruide.sale01@gmail.com\">nongruide.sale01@gmail.com<\/a><\/strong>&nbsp;o <a href=\"mailto:ivy@dashunjingfeng.com\"><strong>ivy@dashunjingfeng.com<\/strong><\/a>.<\/p>\t\t\t\t\t\t\t\t<\/div>\n\t\t\t\t<\/div>\n\t\t\t\t\t<\/div>\n\t\t\t\t<\/div>\n\t\t\t\t<\/div>","protected":false},"excerpt":{"rendered":"<p>we can follow our customers requirements Hebei Kairuote Machinery Manufacturing Co., LTD.is committed to protecting your privacy and earning your trust. Youert vehicle parts\u00a0does not sell, trade, or rent your personal information to others. This policy discloses the privacy practices for the Youert vehicle parts\u00a0Web site. We use the information we collect about you from [&hellip;]<\/p>\n","protected":false},"author":1,"featured_media":0,"parent":0,"menu_order":0,"comment_status":"closed","ping_status":"closed","template":"","meta":{"footnotes":""},"class_list":["post-3","page","type-page","status-publish","hentry"],"_links":{"self":[{"href":"https:\/\/www.agro-krt.com\/es\/wp-json\/wp\/v2\/pages\/3","targetHints":{"allow":["GET"]}}],"collection":[{"href":"https:\/\/www.agro-krt.com\/es\/wp-json\/wp\/v2\/pages"}],"about":[{"href":"https:\/\/www.agro-krt.com\/es\/wp-json\/wp\/v2\/types\/page"}],"author":[{"embeddable":true,"href":"https:\/\/www.agro-krt.com\/es\/wp-json\/wp\/v2\/users\/1"}],"replies":[{"embeddable":true,"href":"https:\/\/www.agro-krt.com\/es\/wp-json\/wp\/v2\/comments?post=3"}],"version-history":[{"count":0,"href":"https:\/\/www.agro-krt.com\/es\/wp-json\/wp\/v2\/pages\/3\/revisions"}],"wp:attachment":[{"href":"https:\/\/www.agro-krt.com\/es\/wp-json\/wp\/v2\/media?parent=3"}],"curies":[{"name":"wp","href":"https:\/\/api.w.org\/{rel}","templated":true}]}}